{"id":103,"date":"2021-02-15T20:42:06","date_gmt":"2021-02-15T20:42:06","guid":{"rendered":"http:\/\/www.novyzeland.info\/?page_id=103"},"modified":"2021-02-15T20:48:16","modified_gmt":"2021-02-15T20:48:16","slug":"pracovni-prazdniny","status":"publish","type":"page","link":"https:\/\/www.novyzeland.info\/index.php\/pracovni-prazdniny\/","title":{"rendered":"Pracovn\u00ed pr\u00e1zdniny"},"content":{"rendered":"\n<p>\u0158ada mlad\u00fdch lid\u00ed u\u017e zjistila, \u017ee Nov\u00fd Z\u00e9land je pro cestov\u00e1n\u00ed kr\u00e1snou zem\u00ed a \u017ee si zde lze na pobyt i vyd\u011blat. Pro\u010d v\u0161ak riskovat a pracovat bez povolen\u00ed? Od dubna 2005 existuje pro mlad\u00e9 lidi, ob\u010dany \u010cesk\u00e9 republiky, ve v\u011bku 18 a\u017e 35 let, mo\u017enost z\u00edskat v\u00edzum pro pracovn\u00ed pr\u00e1zdniny (Working Holiday Visa). Toto v\u00edzum je platn\u00e9 maxim\u00e1ln\u011b na 12 m\u011bs\u00edc\u016f. \u017dadatel mus\u00ed m\u00edt platn\u00fd pas, zp\u00e1te\u010dn\u00ed letenku a minim\u00e1ln\u011b NZD 4.200 (p\u0159i 12ti m\u011bs\u00ed\u010dn\u00edm pobytu) pro kryt\u00ed n\u00e1klad\u016f pobytu. Prokazuje se nap\u0159\u00edklad \u010derstv\u00fdm v\u00fdpisem z \u00fa\u010dtu p\u0159i p\u0159\u00edletu do zem\u011b. Hlavn\u00edm d\u016fvodem n\u00e1v\u0161t\u011bvy zem\u011b toti\u017e mus\u00ed b\u00fdt turistika a dan\u00e1 osoba nesm\u00ed pracovat trvale, ale jen p\u0159\u00edle\u017eitostn\u011b, maxim\u00e1ln\u011b 3 m\u011bs\u00edce u jednoho zam\u011bstnavatele. studovat m\u016f\u017ee a\u017e 6 m\u011bs\u00edc\u016f. Je dobr\u00e9 m\u00edt p\u0159ipraven\u00fd p\u00edsemn\u00fd program pobytu na Nov\u00e9m Z\u00e9landu, pro p\u0159\u00edpadn\u00e9 dotazy imigra\u010dn\u00edch \u00fa\u0159edn\u00edk\u016f p\u0159i p\u0159\u00edletu. Ten, kdo v\u00edzum jednou obdr\u017e\u00ed, nem\u016f\u017ee o n\u011bj \u017e\u00e1dat&nbsp; znovu.&nbsp;K dispozici je ka\u017ed\u00fd rok kolem 1200 v\u00edz. Jsou rozebr\u00e1na ihned po vyhl\u00e1\u0161en\u00ed. Datum vyhl\u00e1\u0161en\u00ed je t\u0159eba sledovat na webu NZIS. \u017dadatel mus\u00ed b\u00fdt zdrav\u00fd, bez\u00fahonn\u00fd a m\u00edt pro pobyt cestovn\u00ed poji\u0161t\u011bn\u00ed. O v\u00edzum se \u017e\u00e1d\u00e1 na na webov\u00fdch str\u00e1nk\u00e1ch Novoz\u00e9landsk\u00e9 imigra\u010dn\u00ed slu\u017eby (NZIS)&nbsp;<a href=\"http:\/\/www.immigration.govt.nz\/\">www.immigration.govt.nz<\/a>. Plat\u00ed se jen kreditkou. Nelze platit bankovn\u00edm p\u0159evodem. Osoby, kter\u00e9 cht\u011bj\u00ed pob\u00fdvat na NZ v\u00edce ne\u017e 6 m\u011bs\u00edc\u016f a v posledn\u00edch 5 letech str\u00e1vili v\u00edce ne\u017e 3 m\u011bs\u00edce v zem\u00edch se zv\u00fd\u0161en\u00fdm zdravotn\u00edm rizikem ( seznam zem\u00ed bez rizika je na&nbsp;<a href=\"http:\/\/www.immigration.govt.nz\/\">www.immigration.govt.nz<\/a>&nbsp;),mus\u00ed p\u0159edlo\u017eit i rentgenov\u00fd sn\u00edmek od pov\u011b\u0159en\u00e9ho l\u00e9ka\u0159e. \u017d\u00e1dost o v\u00edzum na&nbsp;<a href=\"http:\/\/www.immigration.govt.nz\/migrant\/stream\/work\/workingholiday\/czechwhs.htm\">http:\/\/www.immigration.govt.nz\/migrant\/stream\/work\/workingholiday\/czechwhs.htm<\/a>.<\/p>\n\n\n\n<p>Z\u00edskan\u00e9 v\u00edzum plat\u00ed pro p\u0159\u00edjezd do zem\u011b nejpozd\u011bji do 12 m\u011bs\u00edc\u016f od jeho ud\u011blen\u00ed. V\u00edzum plat\u00ed i pro v\u00edce vstup\u016f do zem\u011b.<\/p>\n\n\n\n<p>Na Nov\u00e9m Z\u00e9landu pak je t\u0159eba za\u017e\u00e1dat o p\u0159id\u011blen\u00ed da\u0148ov\u00e9ho \u010d\u00edsla, kter\u00e9mu se \u0159\u00edk\u00e1 IRD number. Vyd\u00e1v\u00e1 jej Inland Revenue Department,&nbsp;<a href=\"http:\/\/www.ird.govt.nz\/\">www.ird.govt.nz<\/a>. \u017d\u00e1d\u00e1 se o n\u011bj a\u017e na m\u00edst\u011b. V \u017e\u00e1dosti je mimo jin\u00e9 nutno uv\u00e9st novoz\u00e9landskou adresu. P\u0159ikl\u00e1d\u00e1 se fotokopie pasu a fotografie. Taky je nutn\u00e9 si v zemi otev\u0159\u00edt \u00fa\u010det, proto\u017ee zam\u011bstnavatel\u00e9 zpravidla plat\u00ed bankovn\u00edm p\u0159evodem.<\/p>\n\n\n\n<p>Nejv\u00edce pracovn\u00edch p\u0159\u00edle\u017eitost\u00ed je v zem\u011bd\u011blstv\u00ed, zejm\u00e9na jde o \u010des\u00e1n\u00ed ovoce a dal\u0161\u00ed pr\u00e1ci s n\u00edm. Nejv\u011bt\u0161\u00ed z\u00e1jem o \u010des\u00e1\u010de je kolem m\u011bst Napier a Hastings v oblasti zvan\u00e9 Hawke Bay na v\u00fdchodn\u00edm pob\u0159e\u017e\u00ed zem\u011b. druh\u00e1 v\u00fdznamn\u00e1 oblast je kolem m\u011bste\u010dka Kerikeri v kr\u00e1sn\u00e9m subtropick\u00e9m Northlandu. Zde jsou hlavn\u011b citrusy a v men\u0161\u00ed m\u00ed\u0159e ovoce kiwi. Nejv\u011bt\u0161\u00ed plant\u00e1\u017ee ovoce kiwi jsou v\u0161ak kolem m\u011bst Te Puke a Tauranga v oblasti zvan\u00e9 Bay of Plenty. Sklize\u0148 vrchol\u00ed v kv\u011btnu. Na Ji\u017en\u00edm ostrov\u011b je nejd\u016fle\u017eit\u011bj\u0161\u00ed sada\u0159skou a vina\u0159skou oblast\u00ed Nelson. P\u0159\u00edle\u017eitosti jsou i kolem velk\u00fdch m\u011bst, ale zde je pro velk\u00fd z\u00e1jem hled\u00e1n\u00ed t\u011b\u017e\u0161\u00ed. \u010cesac\u00ed sez\u00f3na v zemi za\u010d\u00edn\u00e1 p\u0159ibli\u017en\u011b v prosinci a kon\u010d\u00ed v kv\u011btnu. Pr\u00e1ci na farm\u00e1ch v\u0161ak lze naj\u00edt celoro\u010dn\u011b.<\/p>\n\n\n\n<p>B\u011bhem turistick\u00e9 sez\u00f3ny je mo\u017eno se uplatnit jako serv\u00edrky a \u010d\u00ed\u0161n\u00edci, uklize\u010dky, pomocn\u00edci p\u0159i myt\u00ed n\u00e1dob\u00ed apod. Osobn\u011b bych doporu\u010dil oblast Bay of Islands na severu Severn\u00edho ostrova.Taky lze naj\u00edt pr\u00e1ci na stavb\u00e1ch nebo v p\u0159\u00edstavech. Na rozd\u00edl od Anglie zde \u010ce\u0161ky nemaj\u00ed \u0161anci naj\u00edt pr\u00e1ci jako au-pair. D\u016fle\u017eit\u00e1 je taky alespo\u0148 st\u0159edn\u00ed \u00farove\u0148 znalosti angli\u010dtiny. Za\u010d\u00e1te\u010dn\u00edk\u016fm v angli\u010dtin\u011b doporu\u010duji se p\u0159ihl\u00e1sit nejd\u0159\u00edve na m\u00edstn\u00ed jazykovou \u0161kolu. N\u011bkter\u00e9 \u0161koly pak i pom\u00e1haj\u00ed sv\u00fdm student\u016fm s hled\u00e1n\u00edm pr\u00e1ce. Jinak nab\u00eddky pr\u00e1ce lze naj\u00edt na v\u00fdv\u011bsk\u00e1ch v s\u00edti hostel\u016f Backpackers a YHA, d\u00e1le v informa\u010dn\u00edch st\u0159edisc\u00edch a v novin\u00e1ch jako je st\u0159ede\u010dn\u00ed aucklandsk\u00fd New Zealand Herald nebo wellingtonsk\u00fd Dominion. Na internetu doporu\u010duji:&nbsp;<a href=\"http:\/\/www.nzherald.co.nz\/\">www.nzherald.co.nz<\/a>,&nbsp;<a href=\"http:\/\/www.jobnetnz.co.nz\/\">www.jobnetnz.co.nz<\/a>,&nbsp;<a href=\"http:\/\/www.nzjobs.co.nz\/\">www.nzjobs.co.nz<\/a>,&nbsp;<a href=\"http:\/\/www.jobsearch.nzl\/com\">www.jobsearch.nzl\/com<\/a>,&nbsp;<a href=\"http:\/\/www.netclassifieds.co.nz\/employment.cfm\">www.netclassifieds.co.nz\/employment.cfm<\/a>,&nbsp;<a href=\"http:\/\/www.nzwine.com\/\">www.nzwine.com<\/a>,&nbsp;<a href=\"http:\/\/www.seek.co.nz\/\">www.seek.co.nz<\/a>,&nbsp;<a href=\"http:\/\/www.anyworkanywhere.com\/\">www.anyworkanywhere.com<\/a>,&nbsp;<a href=\"http:\/\/www.job.co.nz\/\">www.job.co.nz<\/a>,&nbsp;<a href=\"http:\/\/www.jobstuff.co.nz\/\">www.jobstuff.co.nz<\/a>,&nbsp;<a href=\"http:\/\/www.jobzone.co.nz\/\">www.jobzone.co.nz<\/a>,&nbsp;<a href=\"http:\/\/www.hospo.co.nz\/\">www.hospo.co.nz<\/a>,&nbsp;<a href=\"http:\/\/www.seasonalwork.co.nz\/\">www.seasonalwork.co.nz<\/a>,&nbsp;<a href=\"http:\/\/www.winejobsonline.com\/\">www.winejobsonline.com<\/a><\/p>\n\n\n\n<p>V\u00fdd\u011blky p\u0159i brig\u00e1dnick\u00e9 pr\u00e1ci nejsou na Nov\u00e9m Z\u00e9landu nijak z\u00e1vratn\u00e9. Ale vzhledem k pom\u011brn\u011b n\u00edzk\u00fdm \u017eivotn\u00edm n\u00e1klad\u016fm to sta\u010d\u00ed na to, abyste si zemi procestovali. Dopravovat se lze zde docela dob\u0159e autostopem. Novoz\u00e9lan\u010fan\u00e9 jsou velmi p\u0159\u00e1tel\u0161t\u00ed a pohostinn\u00ed lid\u00e9.<\/p>\n\n\n\n<p>V \u00favahu pro n\u011bkoho mohou p\u0159ij\u00edt i nev\u00fdd\u011ble\u010dn\u00e9 pracovn\u00ed pobyty na farm\u00e1ch. V\u00edce informac\u00ed na&nbsp;<a href=\"http:\/\/www.fhinz.co.nz\/\">www.fhinz.co.nz<\/a>&nbsp;a&nbsp;<a href=\"http:\/\/www.wwoof.co.nz\/\">www.wwoof.co.nz<\/a>.<\/p>\n\n\n\n<p>POZOR na r\u016fzn\u00e9 podvodn\u00e9 agentury nab\u00edzej\u00edc\u00ed zaji\u0161t\u011bn\u00ed brig\u00e1dnick\u00e9 pr\u00e1ce s pracovn\u00edm povolen\u00edm!<\/p>\n\n\n\n<p><\/p>\n\n\n\n<p><strong>Dobrovolnick\u00e1 pr\u00e1ce<\/strong><\/p>\n\n\n\n<p>Lze zprost\u0159edkovat na dobu 1 a\u017e 6 m\u011bs\u00edc\u016f.<\/p>\n\n\n\n<p>Jde o neplacenou pr\u00e1ci na projektech v oblasti ochrany p\u0159\u00edrody. Zam\u011bstnavatel obvykle poskytuje skromn\u00e9 ubytov\u00e1n\u00ed.<\/p>\n","protected":false},"excerpt":{"rendered":"<p>\u0158ada mlad\u00fdch lid\u00ed u\u017e zjistila, \u017ee Nov\u00fd Z\u00e9land je pro cestov\u00e1n\u00ed kr\u00e1snou zem\u00ed a \u017ee si zde lze na pobyt i vyd\u011blat. Pro\u010d v\u0161ak riskovat a pracovat bez povolen\u00ed? Od dubna 2005 existuje pro mlad\u00e9 lidi, ob\u010dany \u010cesk\u00e9 republiky, ve v\u011bku 18 a\u017e 35 let, mo\u017enost z\u00edskat v\u00edzum pro pracovn\u00ed pr\u00e1zdniny (Working Holiday Visa). Toto &hellip; <\/p>\n<p class=\"link-more\"><a href=\"https:\/\/www.novyzeland.info\/index.php\/pracovni-prazdniny\/\" class=\"more-link\">Pokra\u010dovat ve \u010dten\u00ed<span class=\"screen-reader-text\"> &#8220;Pracovn\u00ed pr\u00e1zdniny&#8221;<\/span><\/a><\/p>\n","protected":false},"author":1,"featured_media":0,"parent":0,"menu_order":0,"comment_status":"closed","ping_status":"closed","template":"","meta":{"footnotes":""},"_links":{"self":[{"href":"https:\/\/www.novyzeland.info\/index.php\/wp-json\/wp\/v2\/pages\/103"}],"collection":[{"href":"https:\/\/www.novyzeland.info\/index.php\/wp-json\/wp\/v2\/pages"}],"about":[{"href":"https:\/\/www.novyzeland.info\/index.php\/wp-json\/wp\/v2\/types\/page"}],"author":[{"embeddable":true,"href":"https:\/\/www.novyzeland.info\/index.php\/wp-json\/wp\/v2\/users\/1"}],"replies":[{"embeddable":true,"href":"https:\/\/www.novyzeland.info\/index.php\/wp-json\/wp\/v2\/comments?post=103"}],"version-history":[{"count":2,"href":"https:\/\/www.novyzeland.info\/index.php\/wp-json\/wp\/v2\/pages\/103\/revisions"}],"predecessor-version":[{"id":116,"href":"https:\/\/www.novyzeland.info\/index.php\/wp-json\/wp\/v2\/pages\/103\/revisions\/116"}],"wp:attachment":[{"href":"https:\/\/www.novyzeland.info\/index.php\/wp-json\/wp\/v2\/media?parent=103"}],"curies":[{"name":"wp","href":"https:\/\/api.w.org\/{rel}","templated":true}]}}