{"id":107,"date":"2021-02-15T20:43:30","date_gmt":"2021-02-15T20:43:30","guid":{"rendered":"http:\/\/www.novyzeland.info\/?page_id=107"},"modified":"2021-03-11T15:37:12","modified_gmt":"2021-03-11T14:37:12","slug":"studium-na-univerzite","status":"publish","type":"page","link":"https:\/\/www.novyzeland.info\/index.php\/studium-na-univerzite\/","title":{"rendered":"Studium na univerzit\u011b"},"content":{"rendered":"\n<p>Studium na Nov\u00e9m Z\u00e9landu stoj\u00ed pon\u011bkud ve st\u00ednu ostatn\u00edch velk\u00fdch zem\u00ed jako Velk\u00e1 Brit\u00e1nie, USA, Kanada a Austr\u00e1lie. P\u0159itom tato mal\u00e1 zem\u011b nab\u00edz\u00ed \u0159adu v\u00fdhod ve srovn\u00e1n\u00ed s ostatn\u00edm anglosask\u00fdmi zem\u011bmi. \u017divotn\u00ed n\u00e1klady jsou zde nejni\u017e\u0161\u00ed a p\u0159i del\u0161\u00edm studiu kompenzuj\u00ed i pom\u011brn\u011b drahou letenku. \u0160koln\u00e9 je u v\u011bt\u0161iny obor\u016f ni\u017e\u0161\u00ed ne\u017e v jin\u00fdch anglosask\u00fdch zem\u00edch. Novoz\u00e9landsk\u00e9 vzd\u011bl\u00e1n\u00ed je mezin\u00e1rodn\u011b uzn\u00e1van\u00e9. Dlouhodob\u00ed studenti na \u0161kol\u00e1ch t\u0159et\u00edho stupn\u011b si mohou p\u0159ivyd\u011bl\u00e1vat. K dal\u0161\u00edm v\u00fdhod\u00e1m pat\u0159\u00ed celoro\u010dn\u011b p\u0159\u00edzniv\u00e9 klima s m\u00edrnou zimou podobnou sp\u00ed\u0161e na\u0161emu jaru, n\u00e1dhern\u00e1 p\u0159\u00edroda poskytuj\u00edc\u00ed ide\u00e1ln\u00ed podm\u00ednky pro turistiku, vodn\u00ed sporty, adrealinov\u00e9 aktivity a dal\u0161\u00ed. Je to pom\u011brn\u011b bezpe\u010dn\u00e1 zem\u011b se z\u00e1padn\u00ed kulturou a pohodov\u00fdm \u017eivotn\u00edm stylem. Lid\u00e9 jsou zde velmi p\u0159\u00e1tel\u0161t\u00ed a pohostinn\u00ed. Novoz\u00e9landsk\u00fd \u0161kolsk\u00fd syst\u00e9m je v\u00edce podobn\u00fd britsk\u00e9mu ne\u017e americk\u00e9mu syst\u00e9mu.<\/p>\n\n\n\n<p>V zemi je osm st\u00e1tn\u00edch univerzit. V\u011bt\u0161ina je specializov\u00e1na na ur\u010dit\u00e9 obory. Fakulty v\u011bdy, um\u011bn\u00ed a obchodu jsou v\u0161ude. P\u0159esn\u00e9 informace o oborech a podm\u00ednk\u00e1ch jsou na jejich webov\u00fdch str\u00e1nk\u00e1ch.<\/p>\n\n\n\n<p>THE UNIVERSITY OF AUCKLAND, Auckland, www.auckland.ac.nz (stroj\u00edrenstv\u00ed, IT) THE UNIVERSITY OF WAIKATO, Hamilton, Auckland,Tauranga, <a href=\"http:\/\/www.waikato.ac.nz\" data-type=\"URL\" data-id=\"www.waikato.ac.nz\" target=\"_blank\" rel=\"noreferrer noopener\">www.waikato.ac.nz <\/a>(zem\u011bd\u011blstv\u00ed)<\/p>\n\n\n\n<p>AUCKLAND UNIVESITY OF TECHNOLOGY&nbsp;<a href=\"http:\/\/www.aut.ac.nz\/\">www.aut.ac.nz<\/a><\/p>\n\n\n\n<p>VICTORIA UNIVERSITY OF WELLINGTON, Wellington, www.vuw.ac.nz (pr\u00e1va, um\u011bn\u00ed)<\/p>\n\n\n\n<p>UNIVESITY OF OTAGO, Dunedin, www.otago.ac.nz (spole\u010densk\u00e9 v\u011bdy) UNIVERSITY OF CANTERBURY, Christchurch, www.canterbury.ac.nz (management)<\/p>\n\n\n\n<p>MASSEY UNIVERSITY, Palmerston North, Albany, <a href=\"http:\/\/www.massey.ac.nz\" data-type=\"URL\" data-id=\"www.massey.ac.nz\">www.massey.ac.nz<\/a> (zem\u011bd\u011blstv\u00ed, \u017eurnalistika, marketing)<\/p>\n\n\n\n<p>LINCOLN UNIVERSITY, Christchurch.&nbsp;<a href=\"http:\/\/www.lincoln.ac.nz\/\">www.lincoln.ac.nz<\/a><\/p>\n\n\n\n<p>Bakal\u00e1\u0159sk\u00e1 studia d\u00e1le nab\u00edz\u00ed dal\u0161\u00edch sedm soukrom\u00fdch \u0161kol a sedm st\u00e1tn\u00edch pedagogick\u00fdch institut\u016f (Colleges of Education).<\/p>\n\n\n\n<p>Ve srovn\u00e1n\u00ed se studiem v \u010cR je studium n\u00e1ro\u010dn\u011bj\u0161\u00ed a intenzivn\u011bj\u0161\u00ed. Univerzity, jako jinde v z\u00e1padn\u00edm sv\u011bt\u011b, jsou p\u0159edev\u0161\u00edm v\u00fdzkumn\u00e9 instituce, kde se student\u016fm p\u0159ed\u00e1vaj\u00ed \u010derstv\u00e9 v\u011bdeck\u00e9 poznatky a studenti jsou nuceni do vlastn\u00edho v\u00fdzkumu. Univerzity maj\u00ed dostatek finan\u010dn\u00edch prost\u0159edk\u016f na zaplacen\u00ed odborn\u00edk\u016f, kte\u0159\u00ed se rekrutuj\u00ed z cel\u00e9ho sv\u011bta.<\/p>\n\n\n\n<p>Vzd\u011bl\u00e1vac\u00ed syst\u00e9m m\u00e1 \u010dty\u0159i stupn\u011b. Prvn\u00ed stupe\u0148 \u2013 bakal\u00e1\u0159sk\u00e9 studium \u2013 vy\u017eaduje 3 \u2013 5 let studia podle oboru. V\u011bt\u0161ina student\u016f po z\u00edsk\u00e1n\u00ed bakal\u00e1\u0159sk\u00e9ho titulu odch\u00e1z\u00ed do praxe. O dal\u0161\u00edch t\u0159ech stupn\u00edch se hovo\u0159\u00ed jako o postgradu\u00e1ln\u00edm studiu. To za\u010d\u00edn\u00e1 na \u00farovni Honours Degrese, kde se studenti u\u010d\u00ed kritick\u00e9mu a analytick\u00e9mu my\u0161len\u00ed a hlavn\u011b v\u00fdzkumn\u00fdm metod\u00e1m. Trv\u00e1 jeden rok a t\u0159\u00eddy maj\u00ed jen 10 \u2013 15 student\u016f. Dal\u0161\u00edm stupn\u011bm je Masters Degree, kter\u00fd p\u0159edstavuje dal\u0161\u00ed rok studia. Skl\u00e1d\u00e1 se z vypracov\u00e1n\u00ed a obh\u00e1jen\u00ed v\u00fdzkumn\u00e9 (diserta\u010dn\u00ed) pr\u00e1ce, kter\u00e1 zahrnuje sb\u011br a anal\u00fdzu dat, anal\u00fdzu literatury a vyhodnocen\u00ed. Z absolvent\u016f se st\u00e1vaj\u00ed univerzitn\u00ed u\u010ditel\u00e9 a vrcholov\u00ed mana\u017ee\u0159i. Toto studium je obdobou \u010desk\u00e9ho doktorandsk\u00e9ho studia. Posledn\u00edm \u010dtvrt\u00fdm stupn\u011bm je t\u0159\u00edlet\u00e9 doktorandsk\u00e9 studium (PhD), kter\u00e9 se skl\u00e1d\u00e1 rovn\u011b\u017e z vypracov\u00e1n\u00ed diserta\u010dn\u00ed pr\u00e1ce. Od p\u0159edchoz\u00edho se li\u0161\u00ed d\u00e9lkou studia a hloubkou v\u00fdzkumu. Absolvuj\u00ed ho v\u011bt\u0161inou akademici p\u0159i pr\u00e1ci.<\/p>\n\n\n\n<p>Vztahy mezi studenty a u\u010diteli jsou p\u0159\u00e1telsk\u00e9 a \u010dasto p\u0159er\u016fstaj\u00ed v kamar\u00e1dstv\u00ed. Nen\u00ed v\u00fdjimkou, \u017ee u\u010ditel\u00e9 zvou \u017e\u00e1ky domu a na spole\u010densk\u00e9 akce. V\u0161ichni se oslovuj\u00ed k\u0159estn\u00edm jm\u00e9nem, co\u017e p\u0159isp\u00edv\u00e1 k p\u0159\u00e1telsk\u00e9 atmosf\u00e9\u0159e. P\u0159\u00edjemn\u00e1 atmosf\u00e9ra vl\u00e1dne i na kolej\u00edch.<\/p>\n\n\n\n<p>Jednolet\u00e9 kurzy Business a Management zakon\u010den\u00e9 diplomem nab\u00edz\u00ed New Zealand Institute of Education (NZIE) Jejich sou\u010d\u00e1st\u00ed je i t\u0159\u00edm\u011bs\u00ed\u010dn\u00ed neplacen\u00e1 praxe. V\u00fdhodou je, \u017ee absolvent m\u016f\u017ee z\u00edskat jednolet\u00e9 v\u00edzum pro hled\u00e1n\u00ed pr\u00e1ce na N.Z\u00e9landu a n\u00e1sledn\u011b je \u0161ance na rezidentn\u00ed v\u00edzum.<\/p>\n\n\n\n<p>P\u0159ihl\u00e1\u0161ky ke studiu je nutno podat na formul\u00e1\u0159\u00edch \u0161koly, jsou ke sta\u017een\u00ed na webov\u00fdch str\u00e1nk\u00e1ch, obvykle alespo\u0148 3 m\u011bs\u00edce p\u0159edem. U p\u0159ihl\u00e1\u0161ek k bakal\u00e1\u0159sk\u00e9mu studiu se obvykle vy\u017eaduje p\u0159edlo\u017een\u00ed maturitn\u00edho vysv\u011bd\u010den\u00ed a dokladu o jazykov\u00e9 zkou\u0161ce . Pokud \u017eadatel v angli\u010dtin\u011b ji\u017e minim\u00e1ln\u011b 2 roky nestudoval, mus\u00ed m\u00edt zkou\u0161ku na \u00farovni IELTS 6.0 nebo TOEFL 550, u n\u011bkter\u00fdch obor\u016f mohou b\u00fdt po\u017eadavky je\u0161t\u011b vy\u0161\u0161\u00ed. Pro magistersk\u00e9 studium je po\u017eadavek IELTS 6.5 nebo TOEFL 580.<\/p>\n\n\n\n<p>Pokud \u017eadatel m\u00e1 ji\u017e kredity z p\u0159edchoz\u00edho vysoko\u0161kolsk\u00e9ho studia, m\u016f\u017ee za\u017e\u00e1dat o jejich uzn\u00e1n\u00ed. V\u00fdsledek z\u00e1vis\u00ed na posou\u017een\u00ed \u0161koly. Mezi \u010cR a NZ nen\u00ed uzav\u0159ena dohoda o vz\u00e1jemn\u00e9m uzn\u00e1v\u00e1n\u00ed vzd\u011bl\u00e1n\u00ed.<\/p>\n\n\n\n<p>Kdy\u017e \u017eadatel nespl\u0148uje jazykov\u00e9 podm\u00ednky, nab\u00edz\u00ed v\u0161echny univerzity p\u0159\u00edpravn\u00e9 kurzy k vysoko\u0161kolsk\u00e9mu studiu \u2013 Foundation studies. Tyto kurzy p\u0159ipravuj\u00ed po str\u00e1nce jazykov\u00e9 i odborn\u00e9. Maj\u00ed pevn\u00e9 za\u010d\u00e1tky obvykle 4 x do roka. Podle v\u00fdchoz\u00ed \u00farovn\u011b studenta trvaj\u00ed 3 a\u017e 9 m\u011bs\u00edc\u016f. Jsou zakon\u010deny jazykovou zkou\u0161kou.<\/p>\n\n\n\n<p>Akademick\u00fd rok za\u010d\u00edn\u00e1 obvykle v b\u0159eznu a kon\u010d\u00ed v listopadu. Jsou dva mo\u017en\u00e9 n\u00e1stupn\u00ed term\u00edny do roka.<\/p>\n\n\n\n<p>V\u00fd\u0161e \u0161koln\u00e9ho se li\u0161\u00ed podle obor\u016f, ro\u010dn\u00ed poplatek za bakal\u00e1\u0159sk\u00e9 studiu se pohybuje od  NZD 30.000,-&nbsp;. Dra\u017e\u0161\u00ed jsou technick\u00e9 obory. Povinn\u00e9 je i zdravotn\u00ed poji\u0161t\u011bn\u00ed.<\/p>\n\n\n\n<p>Stipendia pro zahrani\u010dn\u00ed studenty jsou v\u011bt\u0161inou ur\u010deny&nbsp; pro podporu student\u016f z chud\u00fdch zem\u00ed. V\u00fdjime\u010dn\u011b se vyskytnou i stipendia, o kter\u00e1 mohou za\u017e\u00e1dat i \u010de\u0161t\u00ed studenti nejl\u00e9pe p\u0159es p\u0159\u00edslu\u0161n\u00e9 odd\u011blen\u00ed sv\u00e9 dom\u00e1c\u00ed univerzity.<\/p>\n\n\n\n<p>Vz\u00e1jemn\u00e9 v\u00fdm\u011bna student\u016f&nbsp; je mezi&nbsp; Karlovou univerzitou a University of Otago.<\/p>\n\n\n\n<p>Ke ka\u017ed\u00e9mu studiu del\u0161\u00edmu ne\u017e 3 m\u011bs\u00edce pot\u0159ebuj\u00ed ob\u010dan\u00e9 \u010cR&nbsp; i SR studentsk\u00e9 v\u00edzum. Studium krat\u0161\u00ed ne\u017e 3 m\u011bs\u00edce lze absolvovat v r\u00e1mci bezv\u00edzov\u00e9ho styku. \u017d\u00e1dosti se pod\u00e1vaj\u00ed u NZIS, 80 Haymarket. London SW1Y 4TE, Velk\u00e1 Brit\u00e1nie. Pot\u0159ebn\u00e9 formul\u00e1\u0159e jsou ke sta\u017een\u00ed na <a rel=\"noreferrer noopener\" href=\"https:\/\/www.immigration.govt.nz\/\" data-type=\"URL\" data-id=\"https:\/\/www.immigration.govt.nz\/\" target=\"_blank\">www.immigration.govt.nz<\/a> K \u017e\u00e1dosti je krom\u011b formul\u00e1\u0159e, pasu, fotky, poplatku, v\u00fdpisu z letenky pot\u0159eba potvrzen\u00ed \u0161koly o p\u0159ijet\u00ed a zaplacen\u00ed \u0161koln\u00e9ho. (\u0160koln\u00e9 se plat\u00ed&nbsp; na rok , v\u00fdjime\u010dn\u011b na 6 m\u011bs\u00edc\u016f dop\u0159edu). \u017dadatel mus\u00ed dolo\u017eit nap\u0159. v\u00fdpisem ze sv\u00e9ho \u00fa\u010dtu, \u017ee m\u00e1 dostatek finan\u010dn\u00edch prost\u0159edk\u016f na pobyt, asi NZD 10.000 na rok. Kdy\u017e m\u00e1 \u017eadatel v \u00famyslu b\u00fdt v zemi d\u00e9le ne\u017e 2 roky, mus\u00ed je\u0161t\u011b p\u0159edlo\u017eit doklad o zdravotn\u00ed prohl\u00eddce, roentgenu plic a v\u00fdpis z trestn\u00edho rejst\u0159\u00edku. V\u00edzum se ud\u011bluje maxim\u00e1ln\u011b na rok a del\u0161\u00ed studium se \u0159e\u0161\u00ed \u017e\u00e1dost\u00ed o prodlou\u017een\u00ed.<\/p>\n\n\n\n<p>Dr\u017eitel\u00e9 studentsk\u00e9ho v\u00edza, kte\u0159\u00ed studuj\u00ed alespo\u0148 rok na \u0161kole t\u0159et\u00edho stupn\u011b, mohou za\u017e\u00e1dat o Variation of Conditions a z\u00edskat povolen\u00ed pracovat max. 15 hodin t\u00fddn\u011b, pokud toto povolen\u00ed nedostali automaticky s v\u00edzem. \u0160koly maj\u00ed za povinnost doch\u00e1zku student\u016f na studium kontrolovat a nezd\u016fvodn\u011bnou absenci hl\u00e1sit NZIS.<\/p>\n\n\n\n<p>Studenti star\u0161\u00ed 18 let mohou studovat i na polytechnik\u00e1ch, kter\u00fdch je v zemi 21. Nab\u00edzej\u00ed \u0161irokou paletu odborn\u00fdch kurz\u016f v r\u016fzn\u00fdch d\u00e9lk\u00e1ch od n\u011bkolika m\u011bs\u00edc\u016f do jednoho roku zakon\u010den\u00fdch diplomem. Nab\u00edzej\u00ed i bakal\u00e1\u0159sk\u00e9 studium a p\u0159\u00edpravn\u00e9 kurzy. Hlavn\u00ed podm\u00ednkou pro p\u0159ijet\u00ed jsou jazykov\u00e9 znalosti, jako u vysoko\u0161kolsk\u00e9ho studia. N\u00e1klady na studium jsou srovnateln\u00e9 se studiem univerzitn\u00edm. Ve srovn\u00e1n\u00ed s univerzitami jsou polytechniky v\u00edce prakticky zam\u011b\u0159en\u00e9.<\/p>\n\n\n\n<p>Dal\u0161\u00ed informace lze hledat na n\u00e1sleduj\u00edc\u00edch webov\u00fdch str\u00e1nk\u00e1ch:<\/p>\n\n\n\n<p>New Zealand Universities&nbsp;<a href=\"http:\/\/www.nzvcc.ac.nz\/\" target=\"_blank\" rel=\"noreferrer noopener\">www.nzvcc.ac.nz<\/a><\/p>\n\n\n\n<p>Polytechniky&nbsp;<a href=\"http:\/\/www.leadingchange.ac.nz\/\">www.leadingchange.ac.nz<\/a><\/p>\n\n\n\n<p>International Student Services: &nbsp;www.education-newzealand.org<\/p>\n\n\n\n<p>NZ Qualilfication Authority&nbsp;<a href=\"http:\/\/www.nzqa.govt.nz\/\">www.nzqa.govt.nz<\/a><\/p>\n\n\n\n<p>Studium v Aucklandu&nbsp;<a href=\"http:\/\/www.studyauckland.com\/\">www.studyauckland.com<\/a><\/p>\n\n\n\n<p>NZ Study Opportunities&nbsp;<a href=\"http:\/\/www.excellence.co.nz\/\">www.excellence.co.nz<\/a><\/p>\n\n\n\n<p>Internship NZ&nbsp;<a href=\"http:\/\/www.councilexchanges.org.nz\/\">www.councilexchanges.org.nz<\/a>Jazykov\u00e9 pobyty organizov\u00e1ny ve spolupr\u00e1ci s CK STELLA TRAVEL<\/p>\n","protected":false},"excerpt":{"rendered":"<p>Studium na Nov\u00e9m Z\u00e9landu stoj\u00ed pon\u011bkud ve st\u00ednu ostatn\u00edch velk\u00fdch zem\u00ed jako Velk\u00e1 Brit\u00e1nie, USA, Kanada a Austr\u00e1lie. P\u0159itom tato mal\u00e1 zem\u011b nab\u00edz\u00ed \u0159adu v\u00fdhod ve srovn\u00e1n\u00ed s ostatn\u00edm anglosask\u00fdmi zem\u011bmi. \u017divotn\u00ed n\u00e1klady jsou zde nejni\u017e\u0161\u00ed a p\u0159i del\u0161\u00edm studiu kompenzuj\u00ed i pom\u011brn\u011b drahou letenku. \u0160koln\u00e9 je u v\u011bt\u0161iny obor\u016f ni\u017e\u0161\u00ed ne\u017e v jin\u00fdch anglosask\u00fdch &hellip; <\/p>\n<p class=\"link-more\"><a href=\"https:\/\/www.novyzeland.info\/index.php\/studium-na-univerzite\/\" class=\"more-link\">Pokra\u010dovat ve \u010dten\u00ed<span class=\"screen-reader-text\"> &#8220;Studium na univerzit\u011b&#8221;<\/span><\/a><\/p>\n","protected":false},"author":1,"featured_media":0,"parent":0,"menu_order":0,"comment_status":"closed","ping_status":"closed","template":"","meta":{"footnotes":""},"_links":{"self":[{"href":"https:\/\/www.novyzeland.info\/index.php\/wp-json\/wp\/v2\/pages\/107"}],"collection":[{"href":"https:\/\/www.novyzeland.info\/index.php\/wp-json\/wp\/v2\/pages"}],"about":[{"href":"https:\/\/www.novyzeland.info\/index.php\/wp-json\/wp\/v2\/types\/page"}],"author":[{"embeddable":true,"href":"https:\/\/www.novyzeland.info\/index.php\/wp-json\/wp\/v2\/users\/1"}],"replies":[{"embeddable":true,"href":"https:\/\/www.novyzeland.info\/index.php\/wp-json\/wp\/v2\/comments?post=107"}],"version-history":[{"count":5,"href":"https:\/\/www.novyzeland.info\/index.php\/wp-json\/wp\/v2\/pages\/107\/revisions"}],"predecessor-version":[{"id":511,"href":"https:\/\/www.novyzeland.info\/index.php\/wp-json\/wp\/v2\/pages\/107\/revisions\/511"}],"wp:attachment":[{"href":"https:\/\/www.novyzeland.info\/index.php\/wp-json\/wp\/v2\/media?parent=107"}],"curies":[{"name":"wp","href":"https:\/\/api.w.org\/{rel}","templated":true}]}}