{"id":112,"date":"2021-02-15T20:47:00","date_gmt":"2021-02-15T20:47:00","guid":{"rendered":"http:\/\/www.novyzeland.info\/?page_id=112"},"modified":"2021-03-21T18:20:05","modified_gmt":"2021-03-21T17:20:05","slug":"au-pair","status":"publish","type":"page","link":"https:\/\/www.novyzeland.info\/index.php\/au-pair\/","title":{"rendered":"Au-pair"},"content":{"rendered":"\n<p>Se zaveden\u00edm v\u00edza pro pracovn\u00ed pr\u00e1zdniny (Working Holiday Visa) pro mlad\u00e9 lidi od 18 do 36 let z&nbsp;\u010cesk\u00e9 republiky se otev\u00edr\u00e1 mo\u017enost i pro \u010desk\u00e9 d\u00edvky pracovat jako au-pair v&nbsp;novoz\u00e9landsk\u00fdch rodin\u00e1ch.<\/p>\n\n\n\n<p>Za\u010d\u00edt je mo\u017eno kdykoli b\u011bhem roku. Programy au-pair jsou na dobu 12 t\u00fddn\u016f a\u017e 12 m\u011bs\u00edc\u016f. Pracovn\u00ed \u00favazek je 20-40 hodin t\u00fddn\u011b. Podle po\u010dtu hodin je i kapesn\u00e9 &nbsp;od NZD 150,- m\u011bs\u00ed\u010dn\u011b v\u00fd\u0161e.<\/p>\n\n\n\n<p>D\u00edvka dostane nab\u00eddku 2 rodin, aby si mohla vybrat tu, kter\u00e1 ji nejl\u00e9pe vyhovuje. Rodin\u011b se pak p\u0159edstav\u00ed dopisem a fotografiemi. Kdy\u017e ji rodina potvrd\u00ed, je uzav\u0159ena smlouva.<\/p>\n\n\n\n<p>M\u00edstn\u00ed agentura se postar\u00e1 o:<\/p>\n\n\n\n<p>\u2013&nbsp;&nbsp;&nbsp;&nbsp;&nbsp;&nbsp;&nbsp;&nbsp;&nbsp; odvoz z&nbsp;leti\u0161t\u011b<\/p>\n\n\n\n<p>\u2013&nbsp;&nbsp;&nbsp;&nbsp;&nbsp;&nbsp;&nbsp;&nbsp;&nbsp; p\u0159iv\u00edt\u00e1n\u00ed a vy\u0159\u00edzen\u00ed pot\u0159ebn\u00fdch formalit jako otev\u0159en\u00ed \u00fa\u010dtu v&nbsp;bance, z\u00edsk\u00e1n\u00ed da\u0148ov\u00e9ho \u010d\u00edsla (IRD number), v\u00edzov\u00e9 formality\u2026<\/p>\n\n\n\n<p>\u2013&nbsp;&nbsp;&nbsp;&nbsp;&nbsp;&nbsp;&nbsp;&nbsp;&nbsp; \u0159e\u0161en\u00ed probl\u00e9m\u016f mezi au-pair a rodinou, p\u0159\u00edpadn\u011b najde novou&nbsp; rodinu<\/p>\n\n\n\n<p>\u2013&nbsp;&nbsp;&nbsp;&nbsp;&nbsp;&nbsp;&nbsp;&nbsp;&nbsp; kontakt s&nbsp;dal\u0161\u00edmi au-pair v&nbsp;dan\u00e9 oblasti<\/p>\n\n\n\n<p>\u2013&nbsp;&nbsp;&nbsp;&nbsp;&nbsp;&nbsp;&nbsp;&nbsp;&nbsp; informace o r\u016fzn\u00fdch akc\u00edch v&nbsp;m\u00edst\u011b<\/p>\n\n\n\n<p>\u2013&nbsp;&nbsp;&nbsp;&nbsp;&nbsp;&nbsp;&nbsp;&nbsp;&nbsp; ubytov\u00e1n\u00ed 3 dny v&nbsp;hostelu v&nbsp;p\u0159\u00edpad\u011b nouze<\/p>\n\n\n\n<p>Podm\u00ednky pro p\u0159ijet\u00ed do programu au-pair<\/p>\n\n\n\n<ol type=\"1\"><li>D\u00edvka mus\u00ed m\u00edt v\u00edzum pro pracovn\u00ed pr\u00e1zdniny. P\u0159edkl\u00e1d\u00e1 se jeho kopie a kopie pasu.<\/li><li>Minim\u00e1ln\u00ed v\u011bk je 18 let, maxim\u00e1ln\u00ed 30 let.<\/li><li>Vyplnit p\u0159ihl\u00e1\u0161ku a poslat rodin\u011b dopis, kter\u00fdm se p\u0159edstav\u00ed, v\u010detn\u011b fotek.<\/li><li>P\u0159edlo\u017eit \u010dist\u00fd v\u00fdpis z&nbsp;trestn\u00edho rejst\u0159\u00edku&nbsp; a potvrzen\u00ed o dobr\u00e9m zdravotn\u00edm stavu ne stra\u0161\u00ed ne\u017e 3 m\u011bs\u00edce s&nbsp;p\u0159ekladem do angli\u010dtiny.<\/li><li>D\u00edvka mus\u00ed m\u00edt uzav\u0159en\u00e9 zdravotn\u00ed a cestovn\u00ed poji\u0161t\u011bn\u00ed na dobu pl\u00e1novan\u00e9ho pobytu a p\u0159edlo\u017eit p\u0159\u00edslu\u0161nou pojistku v&nbsp;angli\u010dtin\u011b<\/li><li>Ukon\u010den\u00e9 alespo\u0148 st\u0159edo\u0161kolsk\u00e9 vzd\u011bl\u00e1n\u00ed dolo\u017een\u00e9 dokumentem s&nbsp;p\u0159ekladem do angli\u010dtiny.<\/li><li>P\u0159edchoz\u00ed zku\u0161enost s&nbsp;p\u00e9\u010d\u00ed o d\u011bti 2-3 roky dolo\u017een\u00e9&nbsp; referencemi v&nbsp;angli\u010dtin\u011b.<\/li><li>P\u0159edlo\u017eit 2 osobn\u00ed posudky (nikoli od \u010dlen\u016f rodiny nebo p\u0159\u00e1tel) v&nbsp;angli\u010dtin\u011b.<\/li><li>Dobr\u00e1 znalost angli\u010dtiny, ov\u011b\u0159uje se pohovorem.<\/li><li>Podepsat smlouvu.<\/li><\/ol>\n\n\n\n<p>Poplatek za zprost\u0159edkov\u00e1n\u00ed podle d\u00e9lky pobytu od NZD 190 + z\u00e1loha dle d\u00e9lky pobytu nap\u0159. NZD 400,- p\u0159i 12 t\u00fddnech nebo NZD 700,- p\u0159i 24 t\u00fddnech.<\/p>\n\n\n\n<p>Zprost\u0159edkov\u00e1n\u00ed demi au-pair tj. dopoledn\u00edho studia angli\u010dtiny a odpoledn\u00ed pomoci v rodin\u011b zprost\u0159edkov\u00e1vaj\u00ed i jazykov\u00e9 \u0161koly nap\u0159. Worldwide School of English v Aucklandu, Languages School of New Zealand v Queenstownu, NZLC v Aucklandu a Wellingtonu. Podm\u00ednky jsou obdobn\u00e9. Minim\u00e1ln\u00ed d\u00e9lka je 12 t\u00fddn\u016f.<\/p>\n\n\n\n<p>&nbsp;S&nbsp;letenkami m\u016f\u017ee pomoci partnersk\u00e1 CK STELLA TRAVEL.<\/p>\n\n\n\n<p><\/p>\n\n\n\n<p>Pro brig\u00e1dnickou pr\u00e1ci nebo au-pair na Nov\u00e9m Z\u00e9landu pot\u0159ebujete Working Holiday Visa (WHV). Pro \u010cechy je k dispozici jen omezen\u00e9 mno\u017estv\u00ed, kter\u00e9 je rozebr\u00e1no ihned po vyhl\u00e1\u0161en\u00ed na www.immigration.govt.nz.  Podm\u00ednkou je v\u011bk mezi 18-35 lety.<\/p>\n","protected":false},"excerpt":{"rendered":"<p>Se zaveden\u00edm v\u00edza pro pracovn\u00ed pr\u00e1zdniny (Working Holiday Visa) pro mlad\u00e9 lidi od 18 do 36 let z&nbsp;\u010cesk\u00e9 republiky se otev\u00edr\u00e1 mo\u017enost i pro \u010desk\u00e9 d\u00edvky pracovat jako au-pair v&nbsp;novoz\u00e9landsk\u00fdch rodin\u00e1ch. Za\u010d\u00edt je mo\u017eno kdykoli b\u011bhem roku. Programy au-pair jsou na dobu 12 t\u00fddn\u016f a\u017e 12 m\u011bs\u00edc\u016f. Pracovn\u00ed \u00favazek je 20-40 hodin t\u00fddn\u011b. Podle po\u010dtu &hellip; <\/p>\n<p class=\"link-more\"><a href=\"https:\/\/www.novyzeland.info\/index.php\/au-pair\/\" class=\"more-link\">Pokra\u010dovat ve \u010dten\u00ed<span class=\"screen-reader-text\"> &#8220;Au-pair&#8221;<\/span><\/a><\/p>\n","protected":false},"author":1,"featured_media":0,"parent":0,"menu_order":0,"comment_status":"closed","ping_status":"closed","template":"","meta":{"footnotes":""},"_links":{"self":[{"href":"https:\/\/www.novyzeland.info\/index.php\/wp-json\/wp\/v2\/pages\/112"}],"collection":[{"href":"https:\/\/www.novyzeland.info\/index.php\/wp-json\/wp\/v2\/pages"}],"about":[{"href":"https:\/\/www.novyzeland.info\/index.php\/wp-json\/wp\/v2\/types\/page"}],"author":[{"embeddable":true,"href":"https:\/\/www.novyzeland.info\/index.php\/wp-json\/wp\/v2\/users\/1"}],"replies":[{"embeddable":true,"href":"https:\/\/www.novyzeland.info\/index.php\/wp-json\/wp\/v2\/comments?post=112"}],"version-history":[{"count":4,"href":"https:\/\/www.novyzeland.info\/index.php\/wp-json\/wp\/v2\/pages\/112\/revisions"}],"predecessor-version":[{"id":586,"href":"https:\/\/www.novyzeland.info\/index.php\/wp-json\/wp\/v2\/pages\/112\/revisions\/586"}],"wp:attachment":[{"href":"https:\/\/www.novyzeland.info\/index.php\/wp-json\/wp\/v2\/media?parent=112"}],"curies":[{"name":"wp","href":"https:\/\/api.w.org\/{rel}","templated":true}]}}