{"id":12,"date":"2021-02-14T09:57:02","date_gmt":"2021-02-14T09:57:02","guid":{"rendered":"http:\/\/www.novyzeland.info\/?page_id=12"},"modified":"2021-02-21T14:04:13","modified_gmt":"2021-02-21T14:04:13","slug":"cestovani","status":"publish","type":"page","link":"https:\/\/www.novyzeland.info\/index.php\/cestovani\/","title":{"rendered":"Cestov\u00e1n\u00ed"},"content":{"rendered":"\n<p>Podle p\u0159\u00e1n\u00ed jsem schopen p\u0159ipravit cestu na m\u00edru v\u010detn\u011b ubytov\u00e1n\u00ed a dopravy a doporu\u010den\u00ed trasy.<\/p>\n\n\n\n<p>Zde najdete \u010dl\u00e1nky o vybran\u00fdch m\u011bstech jako <a href=\"https:\/\/www.novyzeland.info\/index.php\/auckland\/\" data-type=\"URL\" data-id=\"https:\/\/www.novyzeland.info\/index.php\/auckland\/\" target=\"_blank\" rel=\"noreferrer noopener\">Auckland<\/a>, <a href=\"https:\/\/www.novyzeland.info\/index.php\/wellington\/\" data-type=\"URL\" data-id=\"https:\/\/www.novyzeland.info\/index.php\/wellington\/\" target=\"_blank\" rel=\"noreferrer noopener\">Wellington<\/a>, Rotorua, Dunedin, Christchurch, faun\u011b i fl\u00f3\u0159e Nov\u00e9ho Z\u00e9landu, Muzeu Te Papa, Novoz\u00e9landsk\u00fdch kostelech a n\u00e1rodn\u00edch parc\u00edch <\/p>\n\n\n\n<p><a rel=\"noreferrer noopener\" href=\"http:\/\/www.mozaikatv.cz\/index.php?option=com_hwdvideoshare&amp;task=viewvideo&amp;Itemid=44&amp;video_id=163\" target=\"_blank\">video o cestov\u00e1n\u00ed a studiu na Nov\u00e9m Z\u00e9landu<\/a><\/p>\n","protected":false},"excerpt":{"rendered":"<p>Podle p\u0159\u00e1n\u00ed jsem schopen p\u0159ipravit cestu na m\u00edru v\u010detn\u011b ubytov\u00e1n\u00ed a dopravy a doporu\u010den\u00ed trasy. Zde najdete \u010dl\u00e1nky o vybran\u00fdch m\u011bstech jako Auckland, Wellington, Rotorua, Dunedin, Christchurch, faun\u011b i fl\u00f3\u0159e Nov\u00e9ho Z\u00e9landu, Muzeu Te Papa, Novoz\u00e9landsk\u00fdch kostelech a n\u00e1rodn\u00edch parc\u00edch video o cestov\u00e1n\u00ed a studiu na Nov\u00e9m Z\u00e9landu<\/p>\n","protected":false},"author":1,"featured_media":0,"parent":0,"menu_order":0,"comment_status":"closed","ping_status":"closed","template":"","meta":{"footnotes":""},"_links":{"self":[{"href":"https:\/\/www.novyzeland.info\/index.php\/wp-json\/wp\/v2\/pages\/12"}],"collection":[{"href":"https:\/\/www.novyzeland.info\/index.php\/wp-json\/wp\/v2\/pages"}],"about":[{"href":"https:\/\/www.novyzeland.info\/index.php\/wp-json\/wp\/v2\/types\/page"}],"author":[{"embeddable":true,"href":"https:\/\/www.novyzeland.info\/index.php\/wp-json\/wp\/v2\/users\/1"}],"replies":[{"embeddable":true,"href":"https:\/\/www.novyzeland.info\/index.php\/wp-json\/wp\/v2\/comments?post=12"}],"version-history":[{"count":8,"href":"https:\/\/www.novyzeland.info\/index.php\/wp-json\/wp\/v2\/pages\/12\/revisions"}],"predecessor-version":[{"id":272,"href":"https:\/\/www.novyzeland.info\/index.php\/wp-json\/wp\/v2\/pages\/12\/revisions\/272"}],"wp:attachment":[{"href":"https:\/\/www.novyzeland.info\/index.php\/wp-json\/wp\/v2\/media?parent=12"}],"curies":[{"name":"wp","href":"https:\/\/api.w.org\/{rel}","templated":true}]}}