{"id":198,"date":"2021-02-21T11:09:38","date_gmt":"2021-02-21T11:09:38","guid":{"rendered":"http:\/\/www.novyzeland.info\/?page_id=198"},"modified":"2021-02-21T11:09:38","modified_gmt":"2021-02-21T11:09:38","slug":"rotorua","status":"publish","type":"page","link":"https:\/\/www.novyzeland.info\/index.php\/rotorua\/","title":{"rendered":"Rotorua"},"content":{"rendered":"\n<div class=\"wp-block-image\"><figure class=\"alignright size-large is-resized\"><img loading=\"lazy\" decoding=\"async\" src=\"https:\/\/www.novyzeland.info\/wp-content\/uploads\/2021\/02\/new-zealand-4805988_1920-1024x683.jpg\" alt=\"\" class=\"wp-image-199\" width=\"228\" height=\"151\" srcset=\"https:\/\/www.novyzeland.info\/wp-content\/uploads\/2021\/02\/new-zealand-4805988_1920-1024x683.jpg 1024w, https:\/\/www.novyzeland.info\/wp-content\/uploads\/2021\/02\/new-zealand-4805988_1920-300x200.jpg 300w, https:\/\/www.novyzeland.info\/wp-content\/uploads\/2021\/02\/new-zealand-4805988_1920-768x512.jpg 768w, https:\/\/www.novyzeland.info\/wp-content\/uploads\/2021\/02\/new-zealand-4805988_1920-1536x1025.jpg 1536w, https:\/\/www.novyzeland.info\/wp-content\/uploads\/2021\/02\/new-zealand-4805988_1920.jpg 1920w\" sizes=\"(max-width: 228px) 100vw, 228px\" \/><figcaption>Image by <a href=\"https:\/\/pixabay.com\/users\/makalu-680451\/?utm_source=link-attribution&amp;utm_medium=referral&amp;utm_campaign=image&amp;utm_content=4805988\">Makalu<\/a> from <a href=\"https:\/\/pixabay.com\/?utm_source=link-attribution&amp;utm_medium=referral&amp;utm_campaign=image&amp;utm_content=4805988\">Pixabay<\/a><\/figcaption><\/figure><\/div>\n\n\n\n<p>Nejd\u0159\u00edve uc\u00edt\u00edte z\u00e1pach zka\u017een\u00fdch vajec, pak se teprve objev\u00ed \u010dty\u0159icetitis\u00edcov\u00e9 m\u011bsto v&nbsp;nejv\u011bt\u0161\u00ed term\u00e1ln\u00ed oblasti Nov\u00e9ho Z\u00e9landu, turistick\u00e9 st\u0159edisko \u010d\u00edslo jedna \u2013 Rotorua.<\/p>\n\n\n\n<p>Z\u00e1pach sirovod\u00edku, kter\u00fd zde s&nbsp;p\u00e1rou a dal\u0161\u00edmi plyny unik\u00e1 ze zem\u011b, nen\u00ed nejlep\u0161\u00edm p\u0159iv\u00edt\u00e1n\u00edm, ale n\u00e1v\u0161t\u011bvn\u00edk mu brzy p\u0159ivykne a p\u0159estane ho vn\u00edmat. Jeho pozornost upoutaj\u00ed jin\u00e9 atrakce, kter\u00fdch tu nen\u00ed m\u00e1lo.<\/p>\n\n\n\n<p>Rotorua le\u017e\u00ed na zlomu zemsk\u00fdch desek, kde voda a bahno jsou za obrovsk\u00fdch tlak\u016f pod zem\u00ed oh\u0159\u00edv\u00e1ny a ven se dost\u00e1vaj\u00ed v&nbsp;podob\u011b gejz\u00edr\u016f a bublaj\u00edc\u00edch jez\u00edrek s&nbsp;vodou i bahnem. Gejz\u00edry vznikaj\u00ed pobl\u00ed\u017e jezer nebo \u0159ek, kde voda prosakuje hluboko do nitra zem\u011b. Kdy\u017e naraz\u00ed na horkou sk\u00e1lu, vznikne p\u00e1ra. Ta postupn\u011b vytla\u010duje vodu nahoru, tlak se zvy\u0161uje a\u017e dojde k&nbsp;explozi a hork\u00e1 voda st\u0159\u00edk\u00e1 vysoko do vzduchu. Trv\u00e1n\u00ed gejz\u00edru z\u00e1vis\u00ed na p\u0159\u00edvodu hork\u00e9 vody. Kdy\u017e se erupce uklidn\u00ed, kan\u00e1ly se op\u011bt napln\u00ed vodou a cel\u00e9 divadlo se znovu opakuje ve v\u00edce m\u00e9n\u011b pravideln\u00e9m cyklu. Mohutnost erupce se m\u011bn\u00ed.&nbsp; Kan\u00e1l, kter\u00fdm pronik\u00e1 voda a p\u00e1ra obvykle nen\u00ed p\u0159\u00edm\u00fd, tak\u017ee nedoch\u00e1z\u00ed k&nbsp;proud\u011bn\u00ed a sm\u00ed\u0161en\u00ed vody na jednotnou teplotu. Kde k&nbsp;tomu p\u0159ece jen dojde, m\u00edsto exploduj\u00edc\u00ed p\u00e1ry vzniknou hork\u00e1 jez\u00edrka. T\u00e9m\u011b\u0159 va\u0159\u00edc\u00ed voda obsahuje rozpu\u0161t\u011bn\u00e9 miner\u00e1ly. Z&nbsp;nich po odpa\u0159en\u00ed vody vznikaj\u00ed roztodivn\u00e9 \u00fatvary r\u016fzn\u00fdch barev. Jsou p\u0159ev\u00e1\u017en\u011b k\u0159emi\u010dit\u00e9ho p\u016fvodu. Jasn\u011b \u017elut\u011b v&nbsp;nich sv\u00edt\u00ed s\u00edra. N\u011bkde m\u00edsto jez\u00edrka s&nbsp;vodou vznikne jen bublaj\u00edc\u00ed ba\u017eina.<\/p>\n\n\n\n<p>Pro n\u00e1v\u0161t\u011bvn\u00edka je zaj\u00edmav\u00e9, \u017ee se m\u016f\u017ee kolem t\u011bchto atrakc\u00ed proch\u00e1zet v&nbsp;t\u011bsn\u00e9 bl\u00edzkosti po lehce p\u0159\u00edstupn\u00fdch cesti\u010dk\u00e1ch. N\u011bkde i p\u0159es podr\u00e1\u017eku je c\u00edtit hork\u00e1 p\u016fda pod nohama. Nutno podotknout, \u017ee to nen\u00ed proch\u00e1zka \u00fapln\u011b bezpe\u010dn\u00e1. V\u0161ude po cest\u011b jsou varovn\u00e9 tabulky a z\u00e1kazy vstupu. Nikde nem\u016f\u017ee p\u0159edpov\u011bd\u011bt, kdy kter\u00fd gejz\u00edr vybuchne a s&nbsp;jakou mohutnost\u00ed. N\u011bkter\u00e9 jsou aktivn\u00ed n\u011bkolikr\u00e1t za hodinu, jin\u00fdm to trv\u00e1 t\u00fddny. Gejz\u00edry i zanikaj\u00ed a objevuj\u00ed se na jin\u00fdch m\u00edstech. Pokud v\u0161ak nepo\u010d\u00edt\u00e1me velk\u00fd v\u00fdbuch sopky Tarawera v&nbsp;r. 1886, k&nbsp;\u017e\u00e1dn\u00e9mu v\u00e1\u017en\u00e9mu ne\u0161t\u011bst\u00ed zde nedo\u0161lo.<\/p>\n\n\n\n<p>Nejimpresivn\u011bj\u0161\u00ed je gejz\u00edr Pohutu ve Whakarewarewa st\u0159\u00edkaj\u00edc\u00ed do v\u00fd\u0161e t\u0159iceti metr\u016f. V&nbsp;posledn\u00ed dob\u011b v\u0161ak osl\u00e1bl. Zjistilo se, \u017ee to souvis\u00ed s&nbsp;nadm\u011brn\u00fdm po\u010dtem vrt\u016f k&nbsp;z\u00edsk\u00e1n\u00ed hork\u00e9 vody v&nbsp;t\u00e9to oblasti.Uk\u00e1zalo se, \u017ee tento p\u0159\u00edrodn\u00ed zdroj nen\u00ed nevy\u010derpateln\u00fd. Bl\u00edzko m\u011bsta ve Wairakei hork\u00e1 p\u00e1ra poh\u00e1n\u00ed turbogener\u00e1tory geoterm\u00e1ln\u00ed elektr\u00e1rny.<\/p>\n\n\n\n<p>P\u0159\u00edmo v\u00a0Rotorua a bl\u00edzk\u00e9m okol\u00ed je n\u011bkolik ve\u0159ejn\u011b p\u0159\u00edstupn\u00fdch m\u00edst s\u00a0geoterm\u00e1ln\u00edmi aktivitami. Asi nejzn\u00e1m\u011bj\u0161\u00ed je park a z\u00e1rove\u0148 maorijsk\u00fd skansen Whakarewarewa (zkratka p\u016fvodn\u00edho jm\u00e9na Whakarewarewawatanga-o-te-ope-a-Whaio znamenaj\u00edc\u00edho v\u00a0p\u0159ekladu Povst\u00e1n\u00ed arm\u00e1dy Wahio.)\u00a0 Zde je pohromad\u011b nejv\u00edce gejz\u00edr\u016f v\u010detn\u011b nejv\u011bt\u0161\u00edho Pohutu. P\u016fsobiv\u00e1\u00a0 je hned vstupn\u00ed\u00a0 br\u00e1na, kde jsou vy\u0159ez\u00e1ni \u00a0legend\u00e1rn\u00ed milenci Hinemoa a Tutanekei.<\/p>\n\n\n\n<div class=\"wp-block-image\"><figure class=\"alignright size-large is-resized\"><img loading=\"lazy\" decoding=\"async\" src=\"https:\/\/www.novyzeland.info\/wp-content\/uploads\/2021\/02\/00612vchod-do-Whakarewarewa-v-Rotorua.jpg\" alt=\"\" class=\"wp-image-200\" width=\"218\" height=\"319\" srcset=\"https:\/\/www.novyzeland.info\/wp-content\/uploads\/2021\/02\/00612vchod-do-Whakarewarewa-v-Rotorua.jpg 524w, https:\/\/www.novyzeland.info\/wp-content\/uploads\/2021\/02\/00612vchod-do-Whakarewarewa-v-Rotorua-205x300.jpg 205w\" sizes=\"(max-width: 218px) 100vw, 218px\" \/><figcaption>Vchod do geoterm\u00e1ln\u00edho parku a skansenu Whakarewarewa<\/figcaption><\/figure><\/div>\n\n\n\n<figure class=\"wp-block-image\" id=\"attachment_357\"><a href=\"https:\/\/novyzeland.info\/wedos\/wp-content\/uploads\/2011\/03\/00630Pohutu1.jpg\"><img decoding=\"async\" src=\"https:\/\/novyzeland.info\/wedos\/wp-content\/uploads\/2011\/03\/00630Pohutu1-300x194.jpg\" alt=\"\" class=\"wp-image-357\" title=\"00630Pohutu\"\/><\/a><figcaption>nejv\u011bt\u0161\u00ed gejz\u00edr Pohutu<\/figcaption><\/figure>\n\n\n\n<p>Sou\u010d\u00e1st\u00ed parku je Institut maorsk\u00e9ho \u0159ezb\u00e1\u0159stv\u00ed, maorsk\u00e9 bohat\u011b vy\u0159ez\u00e1van\u00e9 stavby a v\u00e1le\u010dn\u00e1 kanoe. Mao\u0159i zde p\u0159edv\u00e1d\u011bj\u00ed \u0159ezbu do d\u0159eva a Maorky dal\u0161\u00ed tradi\u010dn\u00ed \u0159emesla jako tkan\u00ed z&nbsp;list\u016f novoz\u00e9landsk\u00e9ho lenovn\u00edku.<\/p>\n\n\n\n<p>Jin\u00e9 m\u00edsto geoterm\u00e1ln\u00ed&nbsp; aktivity se jmenuje v\u00fdsti\u017en\u011b Hell\u00b4s Gate \u2013 Pekeln\u00e1 br\u00e1na. Jeden kilometr dlouh\u00e1 stezka tu vede kolem divoce vyhl\u00ed\u017eej\u00edc\u00edch skalisek s&nbsp;bublaj\u00edc\u00ed a tryskaj\u00edc\u00ed vodou i bahnem. V\u0161e je polozahalen\u00e9 do tepl\u00e9 p\u00e1ry s&nbsp;p\u0159\u00edchut\u00ed s\u00edry, p\u0159\u00edmo pekeln\u00e1 scen\u00e9rie. Slavn\u00fd G.B.Shaw po n\u00e1v\u0161t\u011bv\u011b pr\u00fd prohl\u00e1sil: \u201ePekeln\u00e1 br\u00e1na je to nejzpropaden\u011bj\u0161\u00ed m\u00edsto, kter\u00e9 jsem kdy nav\u0161t\u00edvil a klidn\u011b bych zaplatil 10 liber, abych to nemusel shl\u00e9dnout.\u201c Fotografov\u00e1n\u00ed v&nbsp;t\u011bchto m\u00edstech je dost slo\u017eit\u00e9. Fotografick\u00e9 p\u0159\u00edstroje jsou zde nejen vystaveny \u0161kodliv\u00fdm vliv\u016fm, ale ud\u011blat&nbsp; sn\u00edmek, aby na n\u011bm nebyla jen nezaj\u00edmav\u00e1 p\u00e1ra, je t\u011b\u017ek\u00e9.<\/p>\n\n\n\n<div class=\"wp-block-image\"><figure class=\"alignright\"><a href=\"https:\/\/novyzeland.info\/wedos\/wp-content\/uploads\/2011\/03\/00730koncert1.jpg\"><img decoding=\"async\" src=\"https:\/\/novyzeland.info\/wedos\/wp-content\/uploads\/2011\/03\/00730koncert1-300x225.jpg\" alt=\"\" class=\"wp-image-360\" title=\"00730koncert\"\/><\/a><\/figure><\/div>\n\n\n\n<p>Ketetahi Springs le\u017e\u00ed v&nbsp;nedalek\u00fdch hor\u00e1ch, v&nbsp;mal\u00e9 kotlin\u011b na \u00fabo\u010d\u00ed sopky Mt.Tongariro. Je to dv\u011b hodiny cesty do kopce. Ale n\u00e1maha se vyplat\u00ed. Oblaka p\u00e1ry vystupuj\u00edc\u00ed ze zem\u011b jsou vid\u011bt ji\u017e zd\u00e1lky. \u00danik p\u00e1ry je zde doprov\u00e1zen p\u00edsklav\u00fdmi zvuky. V&nbsp;jez\u00edrk\u00e1ch bubl\u00e1 \u0161ed\u00e9 bahno a barevnost ter\u00e9nu je objev\u00ed jen ob\u010das, kdy\u017e v\u00edtr p\u00e1ru roze\u017eene. Nejsou zde \u017e\u00e1dn\u00e9 cesti\u010dky, z\u00e1bradl\u00ed a varovn\u00e9 tabulky, v\u0161e je v&nbsp;p\u0159\u00edrodn\u00edm stavu. Z&nbsp;bezprost\u0159edn\u00ed bl\u00edzkosti zde m\u016f\u017eete pozorovat hork\u00fd dech zem\u011b. Vypad\u00e1 to, \u017ee tu ka\u017edou chv\u00edli mus\u00ed doj\u00edt k&nbsp;erupci, ale zaznamen\u00e1ny byly jen men\u0161\u00ed v\u00fdrony bahna. Mno\u017estv\u00ed p\u0159edeh\u0159\u00e1t\u00e9 p\u00e1ry,&nbsp; kter\u00e1 se tu dere ven by mohlo z\u00e1sobovat teplenou elektr\u00e1rnu o v\u00fdkonu kolem 120 megawatt\u016f.&nbsp; Pot\u016f\u010dku, kter\u00fd zde pramen\u00ed, Mao\u0159i p\u0159ipisovali l\u00e9\u010div\u00e9 \u00fa\u010dinky. Pr\u00fd blahod\u00e1rn\u011b p\u016fsob\u00ed na ko\u017en\u00ed onemocn\u011bn\u00ed a revmatismus. Pravdou je, \u017ee nev\u00e1bn\u011b \u010dern\u00e1 voda obsahuje velk\u00e9 mno\u017estv\u00ed miner\u00e1l\u016f jako s\u00edra, b\u00f3r, magnesium, v\u00e1pn\u00edk, \u017eelezo, chl\u00f3r a flu\u00f3r. Ze zv\u011bdavosti jsem se v&nbsp;n\u00ed smo\u010dil. Brzy jsem v\u0161ak vylezl, proto\u017ee byla p\u0159\u00edli\u0161 hork\u00e1.<\/p>\n\n\n\n<p>Do Rotorua turist\u00e9 nejezd\u00ed jen kv\u016fli gejz\u00edr\u016fm, ale jde i o setk\u00e1n\u00ed s&nbsp;maorskou kulturou. Dnes je ji\u017e zna\u010dn\u011b zkomercializovan\u00e1 a stylizovan\u00e1 do forem p\u0159ita\u017eliv\u00fdch pro turisty. Po\u010d\u00ednaje masov\u011b vyr\u00e1b\u011bn\u00fdmi nalakovan\u00fdmi \u0159ezbami \u010derpaj\u00edc\u00edmi z&nbsp;maorsk\u00e9 ornamentiky a kon\u010de folkl\u00f3rn\u00edm vystoupen\u00edm.<\/p>\n\n\n\n<figure class=\"wp-block-image\" id=\"attachment_361\"><a href=\"https:\/\/novyzeland.info\/wedos\/wp-content\/uploads\/2011\/03\/01007-meeting-house-Ohinemutu.jpg\"><img decoding=\"async\" src=\"https:\/\/novyzeland.info\/wedos\/wp-content\/uploads\/2011\/03\/01007-meeting-house-Ohinemutu-300x190.jpg\" alt=\"\" class=\"wp-image-361\" title=\"01007 meeting house Ohinemutu\"\/><\/a><figcaption>Marae, Ohinemutu<\/figcaption><\/figure>\n\n\n\n<p>Oblast Rotorua byla p\u016fvodn\u011b os\u00eddlena kmenem Arawa. Evrop\u0161t\u00ed osadn\u00edci se tu objevili v&nbsp;roce 1836. Mezikmenov\u00e9 v\u00e1lky os\u00eddlen\u00ed zt\u011b\u017eovaly. A\u017e koncem 19. stolet\u00ed m\u011bsto za\u010dalo prosperovat jako l\u00e1ze\u0148sk\u00e9 a turistick\u00e9 st\u0159edisko. Pod\u00edl obyvatelstva maorijsk\u00e9ho nebo sp\u00ed\u0161e sm\u00ed\u0161en\u00e9ho p\u016fvodu je zde dodnes velk\u00fd. Zp\u016fsob jejich \u017eivota je v\u0161ak ji\u017e poevrop\u0161t\u011bn\u00fd. Mal\u00fdm ok\u00e9nkem do jejich \u017eivota je vesnice Ohinemutu na b\u0159ehu jezera Rotorua. Dnes ji\u017e spl\u00fdv\u00e1 s&nbsp;okoln\u00ed m\u011bstskou z\u00e1stavbou. Ve vesnici je mnoho otvor\u016f v&nbsp;zemi s&nbsp;unikaj\u00edc\u00ed horkou p\u00e1rou. B\u011b\u017en\u011b je u\u017e\u00edv\u00e1na k&nbsp;pran\u00ed, va\u0159en\u00ed i vyt\u00e1p\u011bn\u00ed, V&nbsp;centru je zde n\u00e1dhern\u011b \u0159ezb\u00e1\u0159sky zdoben\u00fd maorsk\u00fd&nbsp;shroma\u017e\u010fovac\u00ed d\u016fm z&nbsp;r. 1939. Proti n\u011bmu stoj\u00ed anglik\u00e1nsk\u00fd kostel\u00edk Sv. V\u00edry. Je to p\u016fvabn\u00e1 architektura v&nbsp;tudorsk\u00e9m stylu. Vnit\u0159n\u00ed v\u00fdzdoba je sm\u011bsic\u00ed maorsk\u00e9 a evropsk\u00e9 dekorace. Pozoruhodn\u00e9 je okno jedn\u00e9 bo\u010dn\u00ed kaple s&nbsp;p\u00edskovan\u00fdm sklem zobrazuj\u00edc\u00edm Krista kr\u00e1\u010dej\u00edc\u00edho po jeze\u0159e. Vtip t\u00e9to p\u0159ipom\u00ednky biblick\u00e9 ud\u00e1losti je v&nbsp;tom, \u017ee jezero v&nbsp;pr\u016fhledu je skute\u010dn\u00e9.<\/p>\n\n\n\n<p>N\u00e1v\u0161t\u011bva Rotorua by nebyla \u00fapln\u00e1 bez ochutn\u00e1n\u00ed j\u00eddla p\u0159ipraven\u00e9ho po maorijsk\u00e9m zp\u016fsobu \u2013 hangi. Je to j\u00eddlo p\u0159ipraven\u00e9 v&nbsp;p\u00e1\u0159e. Na dn\u011b j\u00e1my vykopan\u00e9 v&nbsp;zemi se zap\u00e1l\u00ed ohe\u0148, rozp\u00e1l\u00ed se kameny, oblo\u017e\u00ed se vrstvou list\u016f a na n\u011b se polo\u017e\u00ed maso, zelenina a dal\u0161\u00ed zabalen\u00e9 do list\u016f. D\u00e1le se na to nast\u0159\u00edk\u00e1 voda a zakryje roho\u017e\u00ed a hl\u00ednou a nech\u00e1 dusit. V&nbsp;Rotorua to maj\u00ed podstatn\u011b jednodu\u0161\u0161\u00ed. Sta\u010d\u00ed spustit v s\u00edti suroviny k&nbsp;va\u0159en\u00ed&nbsp; do n\u011bkter\u00e9ho z&nbsp;otvor\u016f s&nbsp;unikaj\u00edc\u00ed p\u00e1rou.<\/p>\n\n\n\n<p>Hangi a&nbsp; maorsk\u00fd koncert jsou nejobvyklej\u0161\u00ed ve\u010dern\u00ed z\u00e1bavou organizovanou pro turisty. V&nbsp;podstat\u011b je to folkl\u00f3rn\u00ed p\u0159edstaven\u00ed.&nbsp; Soubor Maor\u016f a Maorek v&nbsp;tradi\u010dn\u00edm oble\u010den\u00ed p\u0159edv\u00e1d\u00ed za doprovodu kytary maorijsk\u00e9 ak\u010dn\u00ed p\u00edsn\u011b, hry s&nbsp;bal\u00f3nky na \u0161\u0148\u016f\u0159e a s&nbsp;ty\u010dkami. Mu\u017ei p\u0159edv\u00e1d\u011bj\u00ed v\u00e1le\u010dn\u00fd tanec haka. Nejv\u011bt\u0161\u00ed potlesk skl\u00edzej\u00ed, kdy\u017e s&nbsp;hroziv\u00fdm v\u00fdrazem vyplazuj\u00ed jazyk. Je to tradi\u010dn\u00ed gesto v\u00e1le\u010dn\u00edk\u016f k&nbsp;zastra\u0161en\u00ed nep\u0159\u00edtele. Zp\u011bvy jsou v&nbsp;maor\u0161tin\u011b, kterou Mao\u0159i pou\u017e\u00edvaj\u00ed jen p\u0159i ceremoni\u00e1ln\u00edch p\u0159\u00edle\u017eitostech. B\u011b\u017en\u011b mluv\u00ed anglicky.<\/p>\n\n\n\n<p>Popul\u00e1rn\u00ed turistickou atrakc\u00ed je Rainbow &amp; Fairy Springs \u2013 park s&nbsp;uk\u00e1zkami novoz\u00e9landsk\u00e9 fauny i fl\u00f3ry. V&nbsp;k\u0159i\u0161\u0165\u00e1lov\u011b \u010dist\u00e9m potoku se zde proh\u00e1n\u011bj\u00ed pstruzi.&nbsp; Pozorovat je&nbsp; mo\u017en\u00e9 i skrz sklen\u011bn\u00e9 st\u011bny. Najdou se tu i osmikilov\u00ed mackov\u00e9. D\u00e1le se zde proch\u00e1z\u00ed voli\u00e9rami zasazen\u00fdmi p\u0159\u00edmo do bu\u0161e. Ve speci\u00e1ln\u00edm zatemn\u011bn\u00e9m p\u0159\u00edbytku tu lze vid\u011bt i pt\u00e1ka kivi, neofici\u00e1ln\u00ed symbol Novoz\u00e9lan\u010fan\u016f. V&nbsp;p\u0159\u00edrod\u011b ho lze spat\u0159it t\u011b\u017eko, proto\u017ee je&nbsp; ji\u017e vz\u00e1cn\u00fd a ven vych\u00e1z\u00ed jen v&nbsp;noci.<\/p>\n\n\n\n<p>V&nbsp;Rotorua nechyb\u00ed ani to, co je pro ekonomiku zem\u011b mimo\u0159\u00e1dn\u011b d\u016fle\u017eit\u00e9 \u2013 ovce. P\u0159i p\u0159edstaven\u00ed v&nbsp;Agrodromu je p\u0159edv\u00e1d\u011bno 19 m\u00edstn\u00edch plemen. N\u00e1v\u0161t\u011bvn\u00edci uvid\u00ed jejich st\u0159\u00edh\u00e1n\u00ed i pr\u00e1ci ov\u010d\u00e1ck\u00e9ho psa.<\/p>\n\n\n\n<p>V\u00a0Rotorua se najde pro ka\u017ed\u00e9ho n\u011bco \u2013 vyhl\u00eddkov\u00fd let nad j\u00edcnem sopky Tarawera v\u00a0mal\u00e9m letadle startuj\u00edc\u00edm z hladiny\u00a0jezera, proch\u00e1zka h\u00e1jem osmdes\u00e1tilet\u00fdch sekvoj\u00ed, bloud\u011bn\u00ed v\u00a0t\u0159\u00edrozm\u011brn\u00e9m bludi\u0161ti \u010di prohl\u00eddka sklen\u00edku s\u00a0nejv\u011bt\u0161\u00ed sb\u00edrkou orchidej\u00ed na ji\u017en\u00ed polokouli.\u00a0 Kdy\u017e je u\u017e \u010dlov\u011bk z\u00a0toho v\u0161eho unaven\u00fd, je nejlep\u0161\u00ed \u00a0nav\u0161t\u00edvit m\u00edstn\u00ed polyn\u00e9sk\u00e9 l\u00e1zn\u011b s\u00a0baz\u00e9ny s\u00a0r\u016fznou teplotou nebo se jen pono\u0159it do mal\u00e9ho term\u00e1ln\u00edho baz\u00e9nku, kter\u00fd je zde v\u00a0ka\u017ed\u00e9m hotelu nebo motelu, a odpo\u010d\u00edvat.<\/p>\n\n\n\n<p><\/p>\n","protected":false},"excerpt":{"rendered":"<p>Nejd\u0159\u00edve uc\u00edt\u00edte z\u00e1pach zka\u017een\u00fdch vajec, pak se teprve objev\u00ed \u010dty\u0159icetitis\u00edcov\u00e9 m\u011bsto v&nbsp;nejv\u011bt\u0161\u00ed term\u00e1ln\u00ed oblasti Nov\u00e9ho Z\u00e9landu, turistick\u00e9 st\u0159edisko \u010d\u00edslo jedna \u2013 Rotorua. Z\u00e1pach sirovod\u00edku, kter\u00fd zde s&nbsp;p\u00e1rou a dal\u0161\u00edmi plyny unik\u00e1 ze zem\u011b, nen\u00ed nejlep\u0161\u00edm p\u0159iv\u00edt\u00e1n\u00edm, ale n\u00e1v\u0161t\u011bvn\u00edk mu brzy p\u0159ivykne a p\u0159estane ho vn\u00edmat. Jeho pozornost upoutaj\u00ed jin\u00e9 atrakce, kter\u00fdch tu nen\u00ed m\u00e1lo. Rotorua &hellip; <\/p>\n<p class=\"link-more\"><a href=\"https:\/\/www.novyzeland.info\/index.php\/rotorua\/\" class=\"more-link\">Pokra\u010dovat ve \u010dten\u00ed<span class=\"screen-reader-text\"> &#8220;Rotorua&#8221;<\/span><\/a><\/p>\n","protected":false},"author":1,"featured_media":0,"parent":0,"menu_order":0,"comment_status":"closed","ping_status":"closed","template":"","meta":{"footnotes":""},"_links":{"self":[{"href":"https:\/\/www.novyzeland.info\/index.php\/wp-json\/wp\/v2\/pages\/198"}],"collection":[{"href":"https:\/\/www.novyzeland.info\/index.php\/wp-json\/wp\/v2\/pages"}],"about":[{"href":"https:\/\/www.novyzeland.info\/index.php\/wp-json\/wp\/v2\/types\/page"}],"author":[{"embeddable":true,"href":"https:\/\/www.novyzeland.info\/index.php\/wp-json\/wp\/v2\/users\/1"}],"replies":[{"embeddable":true,"href":"https:\/\/www.novyzeland.info\/index.php\/wp-json\/wp\/v2\/comments?post=198"}],"version-history":[{"count":1,"href":"https:\/\/www.novyzeland.info\/index.php\/wp-json\/wp\/v2\/pages\/198\/revisions"}],"predecessor-version":[{"id":201,"href":"https:\/\/www.novyzeland.info\/index.php\/wp-json\/wp\/v2\/pages\/198\/revisions\/201"}],"wp:attachment":[{"href":"https:\/\/www.novyzeland.info\/index.php\/wp-json\/wp\/v2\/media?parent=198"}],"curies":[{"name":"wp","href":"https:\/\/api.w.org\/{rel}","templated":true}]}}