{"id":213,"date":"2021-02-21T11:20:27","date_gmt":"2021-02-21T11:20:27","guid":{"rendered":"http:\/\/www.novyzeland.info\/?page_id=213"},"modified":"2021-02-21T11:20:27","modified_gmt":"2021-02-21T11:20:27","slug":"dobrodruzstvi-na-mt-ruapehu","status":"publish","type":"page","link":"https:\/\/www.novyzeland.info\/index.php\/dobrodruzstvi-na-mt-ruapehu\/","title":{"rendered":"Dobrodru\u017estv\u00ed na Mt. Ruapehu"},"content":{"rendered":"\n<div id=\"attachment_301\" class=\"wp-block-image\"><figure class=\"alignright\"><a href=\"https:\/\/novyzeland.info\/wedos\/wp-content\/uploads\/2011\/03\/Me-stopy-na-vrcholu-Mt.Ruapehu.jpg\"><img decoding=\"async\" src=\"https:\/\/novyzeland.info\/wedos\/wp-content\/uploads\/2011\/03\/Me-stopy-na-vrcholu-Mt.Ruapehu-210x300.jpg\" alt=\"\" class=\"wp-image-301\" title=\"M\u00e9 stopy na vrcholu Mt.Ruapehu\"\/><\/a><figcaption>Cesta po okraji vrcholov\u00e9ho kr\u00e1teru<\/figcaption><\/figure><\/div>\n\n\n\n<p>Z Ohakune, mal\u00e9ho m\u011bste\u010dka na hranici n\u00e1rodn\u00edho parku Tongariro, jsem vyj\u00ed\u017ed\u011bl je\u0161t\u011b za tmy. Oblohu zakr\u00fdvaly t\u011b\u017ek\u00e9 mraky. Po p\u016flhodin\u011b jsem se dostal nad n\u011b. Z parkovi\u0161t\u011b u ly\u017ea\u0159sk\u00e9ho st\u0159ediska Turoa se mi otev\u0159el v\u00fdhled na 2797 metr\u016f vysok\u00fd vrchol Mount Ruapehu, nejvy\u0161\u0161\u00ed horu a aktivn\u00ed sopku na Severn\u00edm ostrov\u011b.<\/p>\n\n\n\n<p>Od vrcholu m\u011b d\u011blily asi 3 kilometry vzdu\u0161nou \u010darou a p\u0159ev\u00fd\u0161en\u00ed 1150 metr\u016f. Podle informa\u010dn\u00edho st\u0159ediska m\u011bly b\u00fdt ve vy\u0161\u0161\u00edch poloh\u00e1ch extr\u00e9mn\u011b ledov\u00e9 podm\u00ednky. Navl\u00e9kl jsem na sebe dv\u011b bundy a s dv\u011bma fotoapar\u00e1ty vyrazil.<\/p>\n\n\n\n<p>Prvn\u00ed polovina cesty vedla po kamen\u00ed pod seda\u010dkovou lanovkou pro ly\u017ea\u0159e. Nyn\u00ed v l\u00e9t\u011b zde bylo pusto. Sn\u00edh se objevoval jen z\u0159\u00eddka. Postupn\u011b ho v\u0161ak p\u0159ib\u00fdvalo a kdy\u017e jsem dorazil ke strojovn\u011b p\u0159edposledn\u00ed stanice, bylo mi jasn\u00e9, \u017ee bez cep\u00ednu se v\u00fd\u0161 nedostanu. Pro\u0161el jsem opu\u0161t\u011bnou strojovnu a sebral si dv\u011b kr\u00e1tk\u00e9 \u017eelezn\u00e9 trubky. S jejich pomoc\u00ed jsem pokra\u010doval. Ter\u00e9n byl p\u0159ev\u00e1\u017en\u011b ledovat\u00fd a musel jsem si vyb\u00edrat m\u00edsta, kde vy\u010dn\u00edvaly kameny, po kter\u00fdch se dalo stoupat. P\u0159ed traverzem p\u0159es asi 20 metr\u016f \u0161irok\u00fd ledovec jsem se chv\u00edli rozm\u00fd\u0161lel, ale za pomoc\u00ed trubek jsem jej \u0161\u0165astn\u011b p\u0159ekonal. V\u00edc po \u010dty\u0159ech ne\u017e po dvou jsem se vy\u0161kr\u00e1bal na okraj kr\u00e1teru. Kypr\u00fd nafoukan\u00fd sn\u00edh tu vytvo\u0159il ostr\u00fd h\u0159eben. S v\u00edt\u011bzn\u00fdm pocitem a velk\u00fdm uvoln\u011bn\u00edm jsem se pomalu bl\u00ed\u017eil k vrcholu. Dychtiv\u011b jsem vyhl\u00ed\u017eel jezero, m\u011blo b\u00fdt uprost\u0159ed kr\u00e1teru. Brzy se objevilo \u2013 \u0161ed\u00e9 a st\u0159\u00edbrn\u00e9 obklopen\u00e9 jisk\u0159iv\u011b b\u00edl\u00fdm sn\u011bhem.<\/p>\n\n\n\n<div id=\"attachment_299\" class=\"wp-block-image\"><figure class=\"alignright\"><a href=\"https:\/\/novyzeland.info\/wedos\/wp-content\/uploads\/2011\/03\/00470-vrchol.jpg\"><img decoding=\"async\" src=\"https:\/\/novyzeland.info\/wedos\/wp-content\/uploads\/2011\/03\/Pod-Ruapehu-300x225.jpg\" alt=\"\" class=\"wp-image-304\" title=\"Pod Ruapehu\"\/><\/a><figcaption>Mt Ruapehu v l\u00e9t\u011b<\/figcaption><\/figure><\/div>\n\n\n\n<p>Kdy\u017e jsem dos\u00e1hl c\u00edle, za\u010dal jsem fotografovat. Netrvalo dlouho a m\u011bl jsem ruce zmrzl\u00e9. Na sestup k jezeru nebylo pomy\u0161len\u00ed, i kdy\u017e m\u011b l\u00e1kala jeho tepl\u00e1 voda, ve kter\u00e9 se lid\u00e9 pr\u00fd i koupali. Svahy byly v\u0161ak p\u0159\u00edli\u0161 prudk\u00e9. V\u00fdstup mi trval 4 hodiny a ne\u010dekal jsem, \u017ee nazp\u00e1tek to bude rychlej\u0161\u00ed. Pokochal jsem se n\u00e1dhern\u00fdm rozhledem a vydal se po stejn\u00e9 cest\u011b nazp\u00e1tek.<\/p>\n\n\n\n<p>Nejsnadn\u011bji se lezlo po h\u0159eb\u00ednku na okraji ledovce, kde bylo mo\u017eno se zachycovat vy\u010dn\u00edvaj\u00edc\u00edch kamen\u016f nebo bizarn\u00edch ledov\u00fdch \u00fatvar\u016f. Bylo to v\u0161ak pomal\u00e9. Proto jsem to zkusil i ve sn\u011bhu na sam\u00e9m okraji ledovce. Byla to v\u0161ak v\u00e1\u017en\u00e1 chyba. To jsem si uv\u011bdomil, a\u017e kdy\u017e mi nohy ujely. Vezl jsem se po hladk\u00e9m ledu dol\u016f. Sna\u017eil jsem se brzdit \u017eelezn\u00fdmi trubkami, ale led byl p\u0159\u00edli\u0161 tvrd\u00fd. Nab\u00edral jsem st\u00e1le v\u011bt\u0161\u00ed rychlost. Jak daleko jsem klouzal, nemohu odhadnout, trvalo to asi 5 sekund. Najednou jsem se ocitl ve vzduchu a dopadl do sn\u011bhu. Byl jsem ot\u0159esen, ale nic v\u00e1\u017en\u00e9ho se mi nestalo. Uk\u00e1zalo se, \u017ee jsem spadl do trhliny v ledovci hlubok\u00e9 asi 3 metry.<\/p>\n\n\n\n<p>Na\u0161t\u011bst\u00ed z n\u00ed \u0161lo dob\u0159e vyl\u00e9zt po napadan\u00e9m sn\u011bhu. Cht\u011bl jsem si tuto trhlinu, kter\u00e1 mne zachr\u00e1nila p\u0159ed smrt\u00ed v ledop\u00e1du a skalnat\u00fdch sr\u00e1zech na konci ledovce, vyfotografovat, ale m\u016fj automatick\u00fd fotoapar\u00e1t byl rozbit\u00fd po p\u00e1du a druh\u00fd manu\u00e1ln\u00ed fotoapar\u00e1t jsem pohmo\u017ed\u011bn\u00fdmi a zk\u0159ehl\u00fdmi prsty nemohl ovl\u00e1dat. K dosa\u017een\u00ed toho spr\u00e1vn\u00e9ho \u00fadol\u00ed pro zp\u00e1te\u010dn\u00ed sestup jsem musel p\u0159etraverzovat ledovec. Byla to strastipln\u00e1 cesta. Opatrn\u011b jsem se sunul od jednoho kamene k druh\u00e9mu a \u017eeleznou trubkou si v ledu vysek\u00e1val stupy. \u0160lo to pomalu a za\u010dal jsem poci\u0165ovat vy\u010derpanost. Asi 500 metr\u016f ode mne jsem vid\u011bl strojovnu opu\u0161t\u011bn\u00e9ho vleku a sna\u017eil jsem se k n\u00ed sestoupit.V\u011bd\u011bl jsem, \u017ee za dv\u011b hodiny slunce za\u010dne zapadat a mr\u00e1z zes\u00edl\u00ed. Povzbuzen\u00edm bylo, kdy\u017e jsem ve sn\u011bhu uvid\u011bl lidsk\u00e9 stopy, ale kolem nikoho vid\u011bt ani sly\u0161et nebylo. P\u0159ekonal jsem \u0161\u0165astn\u011b kluzk\u00fd led a dostal se na kamenit\u00fd ter\u00e9n. To u\u017e jsem v\u011bd\u011bl, \u017ee m\u00e1m vyhr\u00e1no. Te\u010f mne \u010dekala u\u017e jen cesta po kamen\u00ed na parkovi\u0161t\u011b. Byl jsem potrhan\u00fd, poml\u00e1cen\u00fd, ale \u017eiv\u00fd.<\/p>\n\n\n\n<div class=\"wp-block-columns is-layout-flex wp-container-core-columns-layout-1 wp-block-columns-is-layout-flex\">\n<div class=\"wp-block-column is-layout-flow wp-block-column-is-layout-flow\" style=\"flex-basis:50%\">\n<figure class=\"wp-block-image\"><img decoding=\"async\" src=\"https:\/\/novyzeland.info\/wedos\/wp-content\/uploads\/2011\/03\/00470-vrchol-300x193.jpg\" alt=\"\" class=\"wp-image-299\" title=\"00470 vrchol\"\/><figcaption>Vrchol Mt Ruapehu<\/figcaption><\/figure>\n<\/div>\n\n\n\n<div class=\"wp-block-column is-layout-flow wp-block-column-is-layout-flow\" style=\"flex-basis:50%\">\n<figure class=\"wp-block-image size-large\"><img loading=\"lazy\" decoding=\"async\" width=\"800\" height=\"509\" src=\"https:\/\/www.novyzeland.info\/wp-content\/uploads\/2021\/02\/v-NP-Tongariro1.jpg\" alt=\"\" class=\"wp-image-214\" srcset=\"https:\/\/www.novyzeland.info\/wp-content\/uploads\/2021\/02\/v-NP-Tongariro1.jpg 800w, https:\/\/www.novyzeland.info\/wp-content\/uploads\/2021\/02\/v-NP-Tongariro1-300x191.jpg 300w, https:\/\/www.novyzeland.info\/wp-content\/uploads\/2021\/02\/v-NP-Tongariro1-768x489.jpg 768w\" sizes=\"(max-width: 767px) 89vw, (max-width: 1000px) 54vw, (max-width: 1071px) 543px, 580px\" \/><figcaption>podh\u016f\u0159\u00ed NP Tongariro<\/figcaption><\/figure>\n<\/div>\n<\/div>\n","protected":false},"excerpt":{"rendered":"<p>Z Ohakune, mal\u00e9ho m\u011bste\u010dka na hranici n\u00e1rodn\u00edho parku Tongariro, jsem vyj\u00ed\u017ed\u011bl je\u0161t\u011b za tmy. Oblohu zakr\u00fdvaly t\u011b\u017ek\u00e9 mraky. Po p\u016flhodin\u011b jsem se dostal nad n\u011b. Z parkovi\u0161t\u011b u ly\u017ea\u0159sk\u00e9ho st\u0159ediska Turoa se mi otev\u0159el v\u00fdhled na 2797 metr\u016f vysok\u00fd vrchol Mount Ruapehu, nejvy\u0161\u0161\u00ed horu a aktivn\u00ed sopku na Severn\u00edm ostrov\u011b. Od vrcholu m\u011b d\u011blily asi &hellip; <\/p>\n<p class=\"link-more\"><a href=\"https:\/\/www.novyzeland.info\/index.php\/dobrodruzstvi-na-mt-ruapehu\/\" class=\"more-link\">Pokra\u010dovat ve \u010dten\u00ed<span class=\"screen-reader-text\"> &#8220;Dobrodru\u017estv\u00ed na Mt. Ruapehu&#8221;<\/span><\/a><\/p>\n","protected":false},"author":1,"featured_media":0,"parent":0,"menu_order":0,"comment_status":"closed","ping_status":"closed","template":"","meta":{"footnotes":""},"_links":{"self":[{"href":"https:\/\/www.novyzeland.info\/index.php\/wp-json\/wp\/v2\/pages\/213"}],"collection":[{"href":"https:\/\/www.novyzeland.info\/index.php\/wp-json\/wp\/v2\/pages"}],"about":[{"href":"https:\/\/www.novyzeland.info\/index.php\/wp-json\/wp\/v2\/types\/page"}],"author":[{"embeddable":true,"href":"https:\/\/www.novyzeland.info\/index.php\/wp-json\/wp\/v2\/users\/1"}],"replies":[{"embeddable":true,"href":"https:\/\/www.novyzeland.info\/index.php\/wp-json\/wp\/v2\/comments?post=213"}],"version-history":[{"count":1,"href":"https:\/\/www.novyzeland.info\/index.php\/wp-json\/wp\/v2\/pages\/213\/revisions"}],"predecessor-version":[{"id":215,"href":"https:\/\/www.novyzeland.info\/index.php\/wp-json\/wp\/v2\/pages\/213\/revisions\/215"}],"wp:attachment":[{"href":"https:\/\/www.novyzeland.info\/index.php\/wp-json\/wp\/v2\/media?parent=213"}],"curies":[{"name":"wp","href":"https:\/\/api.w.org\/{rel}","templated":true}]}}