{"id":228,"date":"2021-02-21T11:34:00","date_gmt":"2021-02-21T11:34:00","guid":{"rendered":"http:\/\/www.novyzeland.info\/?page_id=228"},"modified":"2021-02-24T14:41:32","modified_gmt":"2021-02-24T13:41:32","slug":"bungee-jumping","status":"publish","type":"page","link":"https:\/\/www.novyzeland.info\/index.php\/bungee-jumping\/","title":{"rendered":"Bungy jumping"},"content":{"rendered":"\n<div class=\"wp-block-image\"><figure class=\"alignright is-resized\"><a href=\"https:\/\/novyzeland.info\/wedos\/wp-content\/uploads\/2011\/03\/fotky-z-rampy.bmp\"><img loading=\"lazy\" decoding=\"async\" src=\"https:\/\/novyzeland.info\/wedos\/wp-content\/uploads\/2011\/03\/fotky-z-rampy.bmp\" alt=\"\" class=\"wp-image-289\" width=\"190\" height=\"288\" title=\"fotky z rampy\"\/><\/a><\/figure><\/div>\n\n\n\n<p>Pat\u0159\u00edm k lidem, kte\u0159\u00ed cht\u011bj\u00ed v \u017eivot\u011b vyzkou\u0161et v\u0161echno, i za cenu, \u017ee je t\u0159eba si s\u00e1hnout na dno sv\u00fdch mo\u017enost\u00ed. Bungy jumping m\u011b l\u00e1kal v\u017edy. Kdy\u017e jsem o t\u00e9to mo\u017enosti p\u0159i sv\u00e9 cest\u011b po Nov\u00e9m Z\u00e9landu sly\u0161el, rozhodl jsem se ihned. Ostatn\u011b, kde jinde by si to \u010dlov\u011bk m\u011bl zkusit, kdy\u017e ne v zemi, kde to v\u0161echno v roce 1988 za\u010dalo.<\/p>\n\n\n\n<p>M\u00edst, kde se tento sport provozuje, je v zemi v\u00edce. Nejd\u0159\u00edve jsem se byl pod\u00edvat na bungy u nejv\u011bt\u0161\u00edho jezera Taupo. Zde se sk\u00e1\u010de z rampy nad \u00fast\u00edm \u0159eky Waikato z v\u00fd\u0161ky 45 metr\u016f. Rozhodl jsem se v\u0161ak pro HIGH TIME BUNGY pobl\u00ed\u017e vesnice Mangaweka v ka\u0148onu \u0159eky Rangitikei. Zde nab\u00edzej\u00ed mo\u017enost skoku z v\u00fd\u0161ky 80 metr\u016f. V\u0161ichni m\u00ed novoz\u00e9land\u0161t\u00ed p\u0159\u00e1tel\u00e9 mi \u0159\u00edkali, \u017ee jsem crazy, \u010desky bl\u00e1zen, nebo mad, \u010desky \u0161\u00edlen\u00fd. Na m\u00e9m rozhodnut\u00ed to v\u0161ak nic zm\u011bnit nemohlo.<\/p>\n\n\n\n<p><a href=\"https:\/\/novyzeland.info\/wedos\/wp-content\/uploads\/2011\/03\/fotky-z-rampy.bmp\"><\/a><\/p>\n\n\n\n<p>HIGH TIME BUNGY je skryto v centr\u00e1ln\u00ed pahorkatin\u011b Severn\u00edho ostrova. \u0160iroko daleko jsou jen pastviny se spoustou ovc\u00ed a osam\u011bl\u00e9 farmy. Celkem dost jednotv\u00e1rn\u00e1 krajina. P\u0159\u00edstupov\u00e1 cesta vede po vedlej\u0161\u00edch silnic\u00edch a je dob\u0159e zna\u010dena sm\u011brovkami. Kone\u010dn\u011b jsem dojeli k nen\u00e1padn\u00e9mu m\u00edstu, kde se \u0159eka hluboko za\u0159ez\u00e1v\u00e1 do zvln\u011bn\u00e9 krajiny. \u017d\u00e1dn\u00ed z\u00e1kazn\u00edci zde nebyli, pouze person\u00e1l skl\u00e1daj\u00edc\u00ed se ze dvou mlad\u00edk\u016f a jednoho star\u0161\u00edho p\u00e1na. P\u0159edstavil jsem se a dal se do \u0159e\u010di. Spr\u00e1vn\u011b jsem p\u0159edpokl\u00e1dal, \u017ee inzerovanou cenu 120 novoz\u00e9landsk\u00fdch dolar\u016f, se mi poda\u0159\u00ed srazit. Brzy jsme se dohodli na 80 dolarech za skok a 20 dolarech za origin\u00e1ln\u00ed tri\u010dko s n\u00e1pisem firmy, o\u010d\u00edslovan\u00e9 a vyroben\u00e9 v omezen\u00e9m s\u00e9rii. Dnes je tento skok podstatn\u011b dra\u017e\u0161\u00ed. Zaplatil jsem, podepsal komplikovan\u011b formulovan\u00e9 prohl\u00e1\u0161en\u00ed, \u017ee sk\u00e1\u010du na vlastn\u00ed nebezpe\u010d\u00ed, vypr\u00e1zdnil jsem kapsy a odebral se po \u00fazk\u00e9m mostu na m\u00edsto skoku. M\u00ed p\u0159\u00e1tel\u00e9 zaujali m\u00edsto na protilehl\u00e9m v\u00fdb\u011b\u017eku a p\u0159ipravili si fotoapar\u00e1ty. P\u0159ipadal jsem si trochu jako p\u0159ed popravou. Kolem sam\u00e9 \u017eelezn\u00e9 trubky, sv\u00e1zali mi pevn\u011b nohy u kotn\u00edk\u016f, karabinou p\u0159ipnuli t\u011b\u017ek\u00e9 gumov\u00e9 lano, person\u00e1l byl nemluvn\u00fd a v\u00e1\u017en\u00fd, i kdy\u017e jinak pro Novoz\u00e9lan\u010fany je typick\u00e9 vtipkov\u00e1n\u00ed. \u010cekal jsem podrobnou instrukt\u00e1\u017e, co m\u00e1m p\u0159i skoku d\u011blat. Byl jsem v\u0161ak p\u0159ekvapen, \u017ee pokyny byly velmi stru\u010dn\u00e9: \u201e Prost\u011b sko\u010d. Dole se o tebe postar\u00e1me. M\u00e1me tu origin\u00e1ln\u00ed v\u00fdtah poh\u00e1n\u011bn\u00fd vodou. Tady si stoupne\u0161 na rampu, a j\u00e1 budu po\u010d\u00edtat do t\u0159\u00ed. Pak \u0159eknu sko\u010d. Jestli bude\u0161 v\u00e1hat a neud\u011bl\u00e1\u0161 to na poprv\u00e9, tak podruh\u00e9 je to ji\u017e t\u011b\u017e\u0161\u00ed. Jestli se boj\u00ed\u0161 d\u00edvat dol\u016f, tak se d\u00edvej na obzor. Zhoupne\u0161 se asi \u010dty\u0159ikr\u00e1t. P\u0159ipraven?\u201c Mlad\u00edk vedle mne je\u0161t\u011b vys\u00edla\u010dkou ov\u011b\u0159il, \u017ee jeho kolega dole je taky p\u0159ipraven. Posunul jsem se na ramp\u011b. Cestu zp\u011bt mi uzav\u0159ela z\u00e1vora. Dr\u017eel jsem se z\u00e1bradl\u00ed a z\u00edral do hloubky. P\u0159izn\u00e1m se, \u017ee mi bylo \u00fazko. \u201eJsi p\u0159ipraven?\u201c zeptal se m\u011b uklid\u0148uj\u00edc\u00edm hlasem star\u0161\u00ed p\u00e1n. Na m\u00e9 \u201eYes\u201c za\u010dal po\u010d\u00edtat. One, two, three a hlasit\u00e9 jump. Odrazil jsem se a o\u010dek\u00e1val pocity Ikara. Ve skute\u010dnosti jsem b\u011bhem vte\u0159iny p\u0159estal vn\u00edmat, co se d\u011bje. Velmi brzy jsem uc\u00edtil trhnut\u00ed, ale st\u00e1le jsem nev\u011bd\u011bl, kde je naho\u0159e a kde je dole. Teprve p\u0159i druh\u00e9m zhoupnut\u00ed jsem se vzpamatoval a zam\u00e1val sv\u00fdm p\u0159\u00e1tel\u016fm tam naho\u0159e. To u\u017e mi bylo hej, houp\u00e1n\u00ed se mi l\u00edbilo, i kdy\u017e jsem visel hlavou dol\u016f. Kdy\u017e jsem se zastavil, spustili m\u011b o p\u00e1r metr\u016f n\u00ed\u017ee, kde v gumov\u00e9m \u010dlunu na m\u011b \u010dekal mlad\u00edk s vys\u00edla\u010dkou. Za chvilku jsem sed\u011bl ve v\u00fdtahu a stoupali jsme vzh\u016fru. Teprve nyn\u00ed se mi proti m\u00e9 v\u016fli za\u010dala t\u0159\u00e1st kolena.<\/p>\n\n\n\n<p>Byl jsem ale \u0161\u0165asten, \u017ee jsem to dok\u00e1zal. M\u00e9 sebev\u011bdom\u00ed posko\u010dilo. Vyzvedl jsem si tri\u010dko a vyfotil se s m\u00fdmi pr\u016fvodci. Nakonec rada pro ty, kte\u0159\u00ed v\u00e1haj\u00ed. Je t\u0159eba \u0159\u00edci co nejv\u00edce lidem, \u017ee budete sk\u00e1kat. Pak u\u017e nem\u016f\u017eete couvnout a b\u00fdt trapn\u00fd.<\/p>\n","protected":false},"excerpt":{"rendered":"<p>Pat\u0159\u00edm k lidem, kte\u0159\u00ed cht\u011bj\u00ed v \u017eivot\u011b vyzkou\u0161et v\u0161echno, i za cenu, \u017ee je t\u0159eba si s\u00e1hnout na dno sv\u00fdch mo\u017enost\u00ed. Bungy jumping m\u011b l\u00e1kal v\u017edy. Kdy\u017e jsem o t\u00e9to mo\u017enosti p\u0159i sv\u00e9 cest\u011b po Nov\u00e9m Z\u00e9landu sly\u0161el, rozhodl jsem se ihned. Ostatn\u011b, kde jinde by si to \u010dlov\u011bk m\u011bl zkusit, kdy\u017e ne v zemi, &hellip; <\/p>\n<p class=\"link-more\"><a href=\"https:\/\/www.novyzeland.info\/index.php\/bungee-jumping\/\" class=\"more-link\">Pokra\u010dovat ve \u010dten\u00ed<span class=\"screen-reader-text\"> &#8220;Bungy jumping&#8221;<\/span><\/a><\/p>\n","protected":false},"author":1,"featured_media":0,"parent":0,"menu_order":0,"comment_status":"closed","ping_status":"closed","template":"","meta":{"footnotes":""},"_links":{"self":[{"href":"https:\/\/www.novyzeland.info\/index.php\/wp-json\/wp\/v2\/pages\/228"}],"collection":[{"href":"https:\/\/www.novyzeland.info\/index.php\/wp-json\/wp\/v2\/pages"}],"about":[{"href":"https:\/\/www.novyzeland.info\/index.php\/wp-json\/wp\/v2\/types\/page"}],"author":[{"embeddable":true,"href":"https:\/\/www.novyzeland.info\/index.php\/wp-json\/wp\/v2\/users\/1"}],"replies":[{"embeddable":true,"href":"https:\/\/www.novyzeland.info\/index.php\/wp-json\/wp\/v2\/comments?post=228"}],"version-history":[{"count":2,"href":"https:\/\/www.novyzeland.info\/index.php\/wp-json\/wp\/v2\/pages\/228\/revisions"}],"predecessor-version":[{"id":341,"href":"https:\/\/www.novyzeland.info\/index.php\/wp-json\/wp\/v2\/pages\/228\/revisions\/341"}],"wp:attachment":[{"href":"https:\/\/www.novyzeland.info\/index.php\/wp-json\/wp\/v2\/media?parent=228"}],"curies":[{"name":"wp","href":"https:\/\/api.w.org\/{rel}","templated":true}]}}