{"id":8,"date":"2021-02-14T09:57:02","date_gmt":"2021-02-14T09:57:02","guid":{"rendered":"http:\/\/www.novyzeland.info\/?page_id=8"},"modified":"2021-04-06T07:54:40","modified_gmt":"2021-04-06T06:54:40","slug":"domu","status":"publish","type":"page","link":"https:\/\/www.novyzeland.info\/","title":{"rendered":"O tomto webu"},"content":{"rendered":"\n<p><strong><em>\u201eHare Mai\u201c &#8211; Bu\u010fte v\u00edt\u00e1n\u00ed na Nov\u00e9m Z\u00e9landu<\/em><\/strong><\/p>\n\n\n\n<p>Tyto str\u00e1nky jsou ur\u010deny pro v\u0161echny p\u0159\u00edznivce Nov\u00e9ho Z\u00e9landu, zejm\u00e9na pro ty, co se tam chystaj\u00ed za \u00fa\u010delem studia, turistiky nebo pr\u00e1ce. Ve v\u011bt\u0161in\u011b p\u0159\u00edpad\u016f jde o vlastn\u00ed zku\u0161enosti z m\u00e9ho p\u011btilet\u00e9ho pracovn\u00edho pobytu.<\/p>\n\n\n\n<figure class=\"wp-block-image size-large\"><img loading=\"lazy\" decoding=\"async\" width=\"1024\" height=\"764\" src=\"https:\/\/www.novyzeland.info\/wp-content\/uploads\/2021\/02\/nz-ovecky-1-1024x764.png\" alt=\"\" class=\"wp-image-332\" srcset=\"https:\/\/www.novyzeland.info\/wp-content\/uploads\/2021\/02\/nz-ovecky-1-1024x764.png 1024w, https:\/\/www.novyzeland.info\/wp-content\/uploads\/2021\/02\/nz-ovecky-1-300x224.png 300w, https:\/\/www.novyzeland.info\/wp-content\/uploads\/2021\/02\/nz-ovecky-1-768x573.png 768w, https:\/\/www.novyzeland.info\/wp-content\/uploads\/2021\/02\/nz-ovecky-1-1536x1145.png 1536w, https:\/\/www.novyzeland.info\/wp-content\/uploads\/2021\/02\/nz-ovecky-1-2048x1527.png 2048w\" sizes=\"(max-width: 767px) 89vw, (max-width: 1000px) 54vw, (max-width: 1071px) 543px, 580px\" \/><\/figure>\n\n\n\n<p><strong>NAB\u00cdZ\u00cdM:<\/strong><\/p>\n\n\n\n<p>Zprost\u0159edkov\u00e1n\u00ed studia na jazykov\u00fdch i st\u0159edn\u00edch \u0161kol\u00e1ch.<br>Neplacen\u00e9 st\u00e1\u017ee ve firm\u00e1ch jako sou\u010d\u00e1st jazykov\u00e9ho kurzu.<br>Zprost\u0159edkov\u00e1n\u00ed au-pair a demi au-pair.<br>Poradenstv\u00ed cestovatel\u016fm.<br>P\u0159\u00edpravu cest na m\u00edru pro jednotlivce a mal\u00e9 skupiny.<\/p>\n\n\n\n<div class=\"wp-block-columns is-layout-flex wp-container-core-columns-layout-1 wp-block-columns-is-layout-flex\">\n<div class=\"wp-block-column is-layout-flow wp-block-column-is-layout-flow\"><\/div>\n\n\n\n<div class=\"wp-block-column is-layout-flow wp-block-column-is-layout-flow\"><\/div>\n<\/div>\n\n\n\n<p><\/p>\n","protected":false},"excerpt":{"rendered":"<p>\u201eHare Mai\u201c &#8211; Bu\u010fte v\u00edt\u00e1n\u00ed na Nov\u00e9m Z\u00e9landu Tyto str\u00e1nky jsou ur\u010deny pro v\u0161echny p\u0159\u00edznivce Nov\u00e9ho Z\u00e9landu, zejm\u00e9na pro ty, co se tam chystaj\u00ed za \u00fa\u010delem studia, turistiky nebo pr\u00e1ce. Ve v\u011bt\u0161in\u011b p\u0159\u00edpad\u016f jde o vlastn\u00ed zku\u0161enosti z m\u00e9ho p\u011btilet\u00e9ho pracovn\u00edho pobytu. NAB\u00cdZ\u00cdM: Zprost\u0159edkov\u00e1n\u00ed studia na jazykov\u00fdch i st\u0159edn\u00edch \u0161kol\u00e1ch.Neplacen\u00e9 st\u00e1\u017ee ve firm\u00e1ch jako sou\u010d\u00e1st &hellip; <\/p>\n<p class=\"link-more\"><a href=\"https:\/\/www.novyzeland.info\/\" class=\"more-link\">Pokra\u010dovat ve \u010dten\u00ed<span class=\"screen-reader-text\"> &#8220;O tomto webu&#8221;<\/span><\/a><\/p>\n","protected":false},"author":1,"featured_media":0,"parent":0,"menu_order":0,"comment_status":"closed","ping_status":"closed","template":"","meta":{"footnotes":""},"_links":{"self":[{"href":"https:\/\/www.novyzeland.info\/index.php\/wp-json\/wp\/v2\/pages\/8"}],"collection":[{"href":"https:\/\/www.novyzeland.info\/index.php\/wp-json\/wp\/v2\/pages"}],"about":[{"href":"https:\/\/www.novyzeland.info\/index.php\/wp-json\/wp\/v2\/types\/page"}],"author":[{"embeddable":true,"href":"https:\/\/www.novyzeland.info\/index.php\/wp-json\/wp\/v2\/users\/1"}],"replies":[{"embeddable":true,"href":"https:\/\/www.novyzeland.info\/index.php\/wp-json\/wp\/v2\/comments?post=8"}],"version-history":[{"count":10,"href":"https:\/\/www.novyzeland.info\/index.php\/wp-json\/wp\/v2\/pages\/8\/revisions"}],"predecessor-version":[{"id":335,"href":"https:\/\/www.novyzeland.info\/index.php\/wp-json\/wp\/v2\/pages\/8\/revisions\/335"}],"wp:attachment":[{"href":"https:\/\/www.novyzeland.info\/index.php\/wp-json\/wp\/v2\/media?parent=8"}],"curies":[{"name":"wp","href":"https:\/\/api.w.org\/{rel}","templated":true}]}}