{"id":90,"date":"2021-02-15T20:32:54","date_gmt":"2021-02-15T20:32:54","guid":{"rendered":"http:\/\/www.novyzeland.info\/?page_id=90"},"modified":"2021-02-15T20:34:41","modified_gmt":"2021-02-15T20:34:41","slug":"otazky-a-odpovedi","status":"publish","type":"page","link":"https:\/\/www.novyzeland.info\/index.php\/otazky-a-odpovedi\/","title":{"rendered":"Ot\u00e1zky a odpov\u011bdi"},"content":{"rendered":"\n<p><strong>Je t\u0159eba v\u00edzum k turistick\u00e9 cest\u011b?<\/strong><br>Od 1.1.2003 byl op\u011bt zaveden bezv\u00edzov\u00fd turistick\u00fd styk pro ob\u010dany \u010cR&nbsp; a SR pro pobyty do 3 m\u011bs\u00edc\u016f. Maxim\u00e1ln\u00ed doba pobytu je podle p\u0159edpis\u016f 9 m\u011bs\u00edc\u016f. V\u00edzum je pot\u0159eba i nad\u00e1le pro del\u0161\u00ed turistick\u00e9 pobyty a studijn\u00ed pobyty del\u0161\u00ed ne\u017e t\u0159i m\u011bs\u00edce.<\/p>\n\n\n\n<p><strong>Co je k \u017e\u00e1dosti o turistick\u00e9 v\u00edzum na del\u0161\u00ed dobu pot\u0159eba?<\/strong><br>Cestovn\u00ed pas s dostate\u010dnou platnost\u00ed, pasov\u00e1 fotka, vypln\u011bn\u00fd formul\u00e1\u0159 Application for visiting New Zealand ( k sta\u017een\u00ed na&nbsp;<a href=\"http:\/\/www.immigration.govt.nz\/\">www.immigration.govt.nz<\/a>),&nbsp;v\u00fdpis z letenky, poplatek GBP 50,- (v\u00fd\u0161e poplatku podl\u00e9h\u00e1 zm\u011bn\u00e1m!) nejl\u00e9pe ve form\u011b bankovn\u00edho \u0161eku vystaven\u00e9ho na The New Zealand Immigration Service. Adresa je NZIS, New Zealand House, 80 Haymarket, London SW1Y 4TE, United Kingdom. Nov\u011b lze \u017e\u00e1dat o v\u00edzum i on-line na&nbsp;<a href=\"http:\/\/www.immigration.govt.nz\/\">www.immigration.govt.nz<\/a><\/p>\n\n\n\n<p>P\u0159i vstupu do zem\u011b je t\u0159eba prok\u00e1zat dostate\u010dn\u00e9 finan\u010dn\u00ed zaji\u0161t\u011bn\u00ed pobytu nap\u0159. formou v\u00fdpisu z \u00fa\u010dtu, v\u00fd\u0161e NZD 1000 = asi K\u010d 14 000<\/p>\n\n\n\n<p><strong>Jak je to s prodlou\u017een\u00edm turistick\u00e9ho pobytu?<\/strong><br>Prodlou\u017een\u00ed pobytu&nbsp; na m\u00edst\u011b a\u017e na 9 m\u011bs\u00edc\u016f celkem je&nbsp;&nbsp; mo\u017en\u00e9, pop\u0159. i v\u00edcekr\u00e1t. Nov\u011b je to mo\u017en\u00e9 pro \u010desk\u00e9 turisty i on-line p\u0159es internetovou str\u00e1nku NZ vl\u00e1dy www.immigration.govt.nz . Podm\u00ednkou je m\u00edt platn\u00e9 povolen\u00ed k pobytu (visitor permit), dostate\u010dn\u011b dlouho platn\u00fd pas a zaplatit poplatek kartou VISA nebo MASTERCARD.<\/p>\n\n\n\n<p><strong>M\u00e1 \u010cR v zemi zastupitelsk\u00fd \u00fa\u0159ad?<\/strong><br>\u010cesk\u00fd velvyslanec pro NZ je s\u00eddl\u00ed v australsk\u00e9 Canbe\u0159e. V nutn\u00e9m p\u0159\u00edpad\u011b je mo\u017eno se obr\u00e1tit na honor\u00e1rn\u00edho konzula Mr Gregory Shanahan, tel. 09-3539766, auckland@honorary.mzv.cz. M\u00e1 kancel\u00e1\u0159 v Bank of New Zealand Towers, 125 Queen St. v Aucklandu.<\/p>\n\n\n\n<p><strong>Kdy je nejvhodn\u011bj\u0161\u00ed doba k n\u00e1v\u0161t\u011bv\u011b NZ?<\/strong><br>Nejp\u0159\u00edjemn\u011bj\u0161\u00ed je m\u00edstn\u00ed l\u00e9to, zhruba od prosince do b\u0159ezna. P\u0159ibli\u017en\u011b toto je koupac\u00ed sez\u00f3na. Mimo tuto dobu je n\u00e1v\u0161t\u011bva taky mo\u017en\u00e1, ale nutno po\u010d\u00edtat s chladn\u011bj\u0161\u00edm po\u010das\u00edm, v\u011bt\u0161\u00edmi sr\u00e1\u017ekami a v\u011btrem. Novoz\u00e9landsk\u00e1 zima vypad\u00e1 p\u0159ibli\u017en\u011b jako \u010desk\u00e9 jaro nebo podzim. I kdy\u017e nemrzne (mimo horsk\u00fdch oblast\u00ed) je t\u0159eba m\u00edt po ruce svetr a bundu a v byt\u011b p\u0159it\u00e1p\u011bt. Bli\u017e\u0161\u00ed informace o po\u010das\u00ed na www.nzherald.co.nz\/weather\/weathernational.cfm<\/p>\n\n\n\n<p><strong>Jak\u00e9 pen\u00edze si vz\u00edt s sebou?<\/strong><br>Sh\u00e1n\u011bt v \u010cR novoz\u00e9landsk\u00e9 dolary je zbyte\u010dn\u00e9. Doporu\u010duji si vz\u00edt s sebou USD,GBP, AUD. nebo EUR. Vhodn\u00e9 jsou i cestovn\u00ed \u0161eky. Kurzy m\u011bn v jednotliv\u00fdch bank\u00e1ch se li\u0161\u00ed jen nepatrn\u011b.<\/p>\n\n\n\n<p><strong>Lze si na Nov\u00e9m Z\u00e9landu otev\u0159\u00edt s \u010ds. pasem konto?<\/strong><br>Ochota r\u016fzn\u00fdch bank otev\u0159\u00edt konto turist\u016fm s \u010desk\u00fdm pasem bez st\u00e1l\u00e9 NZ adresy je r\u016fzn\u00e1. Nejochotn\u011bj\u0161\u00ed mi p\u0159ipadala banka WESTPAC. T\u0159eba vyzkou\u0161et v\u00edce bank. Vzhledem k tomu, \u017ee k \u00fa\u010dtu automaticky a bez poplatk\u016f dostanete platebn\u00ed kartu, pova\u017euji otev\u0159en\u00ed \u00fa\u010dtu p\u0159i del\u0161\u00edm pobytu za v\u00fdhodn\u00e9. Placen\u00ed kartou je velmi roz\u0161\u00ed\u0159en\u00e9. T\u00e9m\u011b\u0159 u v\u0161ech pokladen je syst\u00e9m ATM nebo EFTPOS. P\u0159\u00ed n\u00e1kupu si po dohod\u011b lze vybrat sou\u010dasn\u011b i pen\u00edze.<\/p>\n\n\n\n<p><strong>Jak\u00e1 je novoz\u00e9landsk\u00e1 angli\u010dtina?<\/strong><br>Novoz\u00e9lan\u010fan\u016fm je pom\u011brn\u011b dob\u0159e rozum\u011bt, zejm\u00e9na ve m\u011bstech, h\u016f\u0159e je rozum\u011bt na venkov\u011b. P\u0159esto pro nezku\u0161en\u00e9 cestovatele m\u016f\u017ee b\u00fdt m\u00edstn\u00ed angli\u010dtina \u0161okem. V\u00edce se bl\u00ed\u017e\u00ed britsk\u00e9 ne\u017e americk\u00e9 angli\u010dtin\u011b. Pou\u017e\u00edv\u00e1 i maorsk\u00fdch v\u00fdraz\u016f. H\u016f\u0159e se pamatuj\u00ed a vyslovuj\u00ed pom\u011brn\u011b \u010dast\u00e1 m\u00edstn\u00ed jm\u00e9na maorsk\u00e9ho p\u016fvodu. Jinou \u0159e\u010d\u00ed ne\u017e angli\u010dtinou se v zemi prakticky domluvit nelze.<\/p>\n\n\n\n<p><strong>Jac\u00ed jsou Novoz\u00e9lan\u010fani?<\/strong><br>Jsou to velice p\u0159\u00e1tel\u0161t\u00ed a pohostinn\u00ed lid\u00e9. S n\u00e1v\u0161t\u011bvn\u00edkem ze z\u00e1mo\u0159\u00ed si r\u00e1di popov\u00eddaj\u00ed. Je pro n\u011b charakteristick\u00fd smysl pro humor. R\u00e1di si zavtipkuj\u00ed. Hned p\u0159i prvn\u00edm setk\u00e1n\u00ed se oslovuj\u00ed k\u0159estn\u00edmi jm\u00e9ny. Obdivuj\u00ed sp\u00ed\u0161e v\u011bci praktick\u00e9 ne\u017e t\u0159eba um\u011bn\u00ed. Je to poz\u016fstatek z pion\u00fdrsk\u00fdch dob os\u00eddlov\u00e1n\u00ed. O novoz\u00e9landsk\u00fdch voj\u00e1c\u00edch za v\u00e1lky se \u0159\u00edkalo, \u017ee s dr\u00e1tem \u010d\u00edslo 8 na ploty oprav\u00ed v\u0161echno.Rugby,dostihy a pivo \u2013 tak by se daly shrnout z\u00e1jmy mu\u017ee z ulice. Novoz\u00e9lan\u010fani vyzn\u00e1vaj\u00ed heslo \u201eud\u011blej si s\u00e1m\u201c. Renovace a \u00fadr\u017eba domu a zahr\u00e1dky je vedle v\u00fdlet\u016f na pl\u00e1\u017e s ro\u017en\u011bn\u00edm klob\u00e1s nej\u010dast\u011bj\u0161\u00ed v\u00edkendovou \u010dinnost\u00ed. M\u00edt co nejd\u0159\u00edve vlastn\u00ed d\u016fm se zahr\u00e1dkou je jednou z hlavn\u00edch priorit. Kv\u016fli tomu se i hodn\u011b zadlu\u017e\u00ed. Novoz\u00e9landsk\u00e1 spole\u010dnost je zna\u010dn\u011b egalitn\u00ed. T\u0159\u00eddn\u00ed rozd\u00edly zde na prvn\u00ed pohled nejsou patrn\u00e9. Nejsou zde vid\u011bt ani \u017eebr\u00e1ci ani marnotratn\u00fd p\u0159epych na druh\u00e9 stran\u011b.<\/p>\n\n\n\n<p><strong>Jac\u00ed jsou Mao\u0159i?<\/strong><br>V zemi \u017eije kolem p\u016fl milion\u016f lid\u00ed, kte\u0159\u00ed se hl\u00e1s\u00ed k maorsk\u00e9mu p\u016fvodu a maj\u00ed v sob\u011b v\u011bt\u0161inou jen \u010d\u00e1st maorsk\u00e9 krve. Z v\u011bt\u0161\u00ed \u010d\u00e1sti p\u0159ejali z\u00e1padn\u00ed zp\u016fsob \u017eivota \u2013 mluv\u00ed anglicky, jsou evropsky oble\u010deni a v\u011bt\u0161inou jsou p\u0159\u00edslu\u0161n\u00edky n\u011bkter\u00e9 z k\u0159es\u0165ansk\u00fdch c\u00edrkv\u00ed.Ti, kte\u0159\u00ed se hl\u00e1s\u00ed k n\u011bkter\u00e9mu z p\u016fvodn\u00edch kmen\u016f, d\u011blaj\u00ed v\u011bci po maorsku. Svatba, k\u0159est, poh\u0159eb maj\u00ed odli\u0161n\u00fd charakter. Tyto ob\u0159ady se odli\u0161uj\u00ed dlouh\u00fdmi proslovy, modlitbami a p\u00edsn\u011bmi v maor\u0161tin\u011b a nezakr\u00fdvan\u00fdmi citov\u00fdmi projevy radosti nebo smutku. N\u011bkter\u00e9 maorsk\u00e9 ritu\u00e1ly pronikly i do st\u00e1tn\u00edch ceremoni\u00ed, jako nap\u0159\u00edklad v\u00e1le\u010dn\u00fd tanec haka. I v sou\u010dasn\u00e9m \u017eivot\u011b Maor\u016f p\u0159etrv\u00e1vaj\u00ed tradi\u010dn\u00ed koncepty jako mana \u2013 znamenaj\u00edc\u00ed duchovn\u00ed hodnotu v\u011bci nebo \u010dlov\u011bka nebo tapu, \u010desky tabu, znamenaj\u00edc\u00ed posv\u00e1tnost ur\u010dit\u00e9ho m\u00edsta, v\u011bci nebo osoby. Toto je t\u0159eba respektovat. Stejn\u011b jako ceremonie hui (shrom\u00e1\u017ed\u011bn\u00ed kmene) nebo tangi (smutek). Jedn\u00edm z posv\u00e1tn\u00fdch m\u00edst je marae (m\u00edsto p\u0159ed maorsk\u00fdm shroma\u017e\u010fovac\u00edm domem). Chov\u00e1n\u00ed zde p\u0159i ceremoni\u00e1ln\u00edch p\u0159\u00edle\u017eitostech podl\u00e9h\u00e1 protokolu. Maorsk\u00fd folkl\u00f3r je v zemi turistickou atrakc\u00ed, nen\u00ed autentick\u00fd, ale siln\u011b zkomercionalizovan\u00fd. Nejv\u00edce Maor\u016f \u017eije v Aucklandu. Ve m\u011bstech jsou obvykle koncentrov\u00e1ni v ur\u010dit\u00fdch \u010dtvrt\u00edch. Styku s Maory se nen\u00ed t\u0159eba ob\u00e1vat. Fotografovat je bez dovolen\u00ed v\u0161ak nen\u00ed radno. Fyziognomi\u00ed a tmavou plet\u00ed se Maor\u016fm hodn\u011b podobaj\u00ed p\u0159ist\u011bhovalci z r\u016fzn\u00fdch ostrov\u016f Polyn\u00e9sie (Islanders). Tito tvo\u0159\u00ed nejni\u017e\u0161\u00ed spole\u010denskou vrstvu. Nejv\u00edce je jich v Aucklandu. Maor\u0161tina prod\u011bl\u00e1v\u00e1 dnes ur\u010ditou renesanci, je ofici\u00e1ln\u00edm jazykem. Prakticky se pou\u017e\u00edv\u00e1 hlavn\u011b p\u0159i r\u016fzn\u00fdch ceremoni\u00edch, nikoli v b\u011b\u017en\u00e9m \u017eivot\u011b. Nejb\u011b\u017en\u011bj\u0161\u00ed v\u00fdrazy pou\u017e\u00edvan\u00e9 i v angli\u010dtin\u011b jsou Haere mai (v\u00edtejte), Kia ora (dobr\u00fd den, bu\u010fte zdr\u00e1vi), Pakeha (maorsk\u00e9 ozna\u010den\u00ed b\u011blocha), hangi ( j\u00eddlo p\u0159ipraven\u00e9 v p\u00e1\u0159e v zemi), pa (opevn\u011bn\u00e1 vesnice), tiki (maorsk\u00fd figur\u00e1ln\u00ed amulet nebo figur\u00e1ln\u00ed \u0159ezba), hongi (pozdrav p\u0159itisknut\u00edm nos\u016f).<\/p>\n\n\n\n<p><strong>Kolik \u017eije v zemi \u010cech\u016f?<\/strong><br>\u010cesk\u00e1 komunita je pom\u011brn\u011b mal\u00e1, \u010d\u00edt\u00e1 kolem jednoho tis\u00edce osob. Sv\u00e9 kluby m\u00e1 v Aucklandu a Wellingtonu. Pam\u00e1tky na prvn\u00ed p\u0159ist\u011bhovalce z \u010cech z let 1863-1872 jsou k vid\u011bn\u00ed v Bohemian Museum ve vesnici Puhoi, asi 80 km severn\u011b od Aucklandu. Za n\u00e1v\u0161t\u011bvu stoj\u00ed i zn\u00e1m\u00e1 m\u00edstn\u00ed hospoda a kostel. \u010cesky mluv\u00edc\u00ed lid\u00e9 zde v\u0161ak ji\u017e ne\u017eij\u00ed.<\/p>\n\n\n\n<p><strong>\u010c\u00edhaj\u00ed na n\u00e1v\u0161t\u011bvn\u00edka v zemi n\u011bjak\u00e1 nebezpe\u010d\u00ed?<\/strong><br>NZ je pom\u011brn\u011b bezpe\u010dn\u00e1 zem\u011b. P\u0159esto i zde se krade. Nejhor\u0161\u00ed situace je v Aucklandu, kde \u017eije nejv\u00edce nezam\u011bstnan\u00fdch a lid\u00ed z okoln\u00edch ostrov\u016f. Podez\u0159ele vyhl\u00ed\u017eej\u00edc\u00edm osob\u00e1m tmav\u00e9 pleti je l\u00e9pe se vyhnout. Pom\u011brn\u011b \u010dast\u00e1 jsou vykr\u00e1d\u00e1n\u00ed zaparkovan\u00fdch aut. Stopov\u00e1n\u00ed je zde roz\u0161\u00ed\u0159en\u00e9 a pom\u011brn\u011b bezpe\u010dn\u00e9. V zemi ne\u017eij\u00ed jedovat\u00e1 zv\u00ed\u0159ata (v\u00fdjimkou je jeden druh velmi vz\u00e1cn\u011b se vyskytuj\u00edc\u00edho se pavouka) a \u017e\u00e1dn\u00ed hadi. \u017d\u00e1dn\u00e9 o\u010dkov\u00e1n\u00ed nen\u00ed t\u0159eba. Nebezpe\u010d\u00ed \u010d\u00edh\u00e1 v hor\u00e1ch. Zabloudit nen\u00ed tak nesnadn\u00e9 a je nebezpe\u010d\u00ed prochladnut\u00ed, kdyby \u010dlov\u011bk musel nep\u0159ipraven\u00fd str\u00e1vit noc ve vy\u0161\u0161\u00edch poloh\u00e1ch. Ze \u017eralok\u016f v mo\u0159i nen\u00ed t\u0159eba m\u00edt strach, ale m\u00edst\u016fm s nebezpe\u010dn\u00fdm p\u0159\u00edbojem by se plavci m\u011bli vyhnout, jsou p\u011bkn\u00e1 na pohled ale nebezpe\u010dn\u00e1 pro koup\u00e1n\u00ed a surfov\u00e1n\u00ed.<\/p>\n\n\n\n<p><strong>Jak to chod\u00ed na leti\u0161ti a na celnici p\u0159i p\u0159\u00edletu?<\/strong><br>Ji\u017e v letedle je nutno vyplnit l\u00edstek s ot\u00e1zkami na dobu a m\u00edsto pobytu, \u010d\u00edslo letu, pen\u011b\u017en\u00ed prost\u0159edky a hlavn\u011b, co vezete s sebou. Zak\u00e1z\u00e1n nebo siln\u011b omezen je dovoz potravin a \u017eivo\u010di\u0161n\u00fdch a rostlinn\u00fdch produkt\u016f. P\u0159\u00edsn\u00fd je z\u00e1kaz dovozu masn\u00fdch v\u00fdrobk\u016f, ovoce a zeleniny. Pravd\u011bpodobn\u011b celn\u00edci propust\u00ed origin\u00e1ln\u011b zabalen\u00e9 potraviny jako \u010dokol\u00e1du, su\u0161enky, bonb\u00f3ny, instantn\u00ed potraviny apod. Je t\u0159eba je v\u0161ak deklarovat a celn\u00edk\u016fm uk\u00e1zat. L\u00e9ky doporu\u010duji m\u00edt v origin\u00e1ln\u00edm neporu\u0161en\u00e9m obalu. Bezceln\u011b lze dov\u00e9st mal\u00e9 mno\u017estv\u00ed alkoholick\u00fdch n\u00e1poj\u016f a cigaret. Vycvi\u010den\u00ed psi hledaj\u00ed v zavazadlech drogy. Z celn\u00edho prostoru se vych\u00e1z\u00ed bu\u010f zelenou branou \u2013 nic k proclen\u00ed, zavazadla se zde kontroluj\u00ed nam\u00e1tkov\u011b, nebo \u010dervenou branou \u2013 s v\u011bcmi k celn\u00ed kontrole. Pokud m\u00e1te jak\u00e9koli potraviny, proch\u00e1z\u00edte \u010dervenou branou. Na bot\u00e1ch nebo v\u00fdstroji nesm\u00ed b\u00fdt ani nejmen\u0161\u00ed kousek bl\u00e1ta! Hned u v\u00fdchodu z celn\u00edho prostoru je velmi dobr\u00fd informa\u010dn\u00ed pult. Je mo\u017eno si zde zavolat kv\u016fli ubytov\u00e1n\u00ed, do n\u011bkter\u00fdch m\u00edst je vol\u00e1n\u00ed zdarma. Do centra (downtown) je nejlevn\u011bj\u0161\u00ed spojen\u00ed autobusem. Taxa p\u0159i odletu je NZD 20,-<\/p>\n\n\n\n<p><strong>Jak dlouho trv\u00e1 let?<\/strong><br>S p\u0159est\u00e1vkami na p\u0159estupy trv\u00e1 let kolem 24 hodin a je \u00fanavn\u00fd. \u010casov\u00fd posun v\u011bt\u0161in\u011b lid\u00ed v\u011bt\u0161\u00ed probl\u00e9my ned\u011bl\u00e1. Dal\u0161\u00ed informace o letech na webov\u00e9 str\u00e1nce Air New Zealand www.airnz.co.nz<\/p>\n\n\n\n<p><strong>Lze s b\u011b\u017en\u00fdm \u0159idi\u010dsk\u00fdm pr\u016fkazem jezdit v zemi autem?<\/strong><br>Na dobu do jednoho roku sta\u010d\u00ed \u010desk\u00fd mezin\u00e1rodn\u011b platn\u00fd \u0159idi\u010d\u00e1k. Jezd\u00ed se vlevo! Vyrazit na prvn\u00ed cestu zrovna ve vnit\u0159n\u00edm Aucklandu je n\u00e1ro\u010dn\u00e9. Informace o dopravn\u00edch p\u0159edpisech na www.ltsa.govt.nz<\/p>\n\n\n\n<p><strong>Jak se v zemi stopuje?<\/strong><br>Cestov\u00e1n\u00ed stopem je v zemi b\u011b\u017en\u00e9, \u0159idi\u010di ochotn\u00ed, \u010dekac\u00ed doby kr\u00e1tk\u00e9 i v m\u00edstech se slab\u00fdm provozem.<\/p>\n\n\n\n<p><strong>Jak\u00e9 jsou v zemi ceny?<\/strong><br>Cenov\u00e1 hladina je vy\u0161\u0161\u00ed ne\u017e v \u010cR, ale ni\u017e\u0161\u00ed ne\u017e v z\u00e1padn\u00ed Evrop\u011b. Stravov\u00e1n\u00ed v restaurac\u00edch je pom\u011brn\u011b drah\u00e9. Nejlevn\u011bj\u0161\u00ed ob\u011bd ve st\u00e1nku rychl\u00e9ho ob\u010derstven\u00ed je asi od 8- NZD. Nealkoholick\u00fd n\u00e1poj NZD&nbsp;4,- pivo NZD 5,-, k\u00e1va NZD 3,-, b\u00edl\u00fd chl\u00e9b NZD 2,-, 1 kg uzeniny NZD&nbsp;7,-<\/p>\n\n\n\n<p>Nejlevn\u011bj\u0161\u00ed ubytov\u00e1n\u00ed v hostelech Backpakers, YHA, Nomads ve spole\u010dn\u00e9 nocleh\u00e1rn\u011b od NZD 15,-.\/noc. Ubytov\u00e1n\u00ed v motelu s kuchy\u0148kou a obvykle 4 postelemi od NZD 90,-. Benz\u00edn NZD 1,60\/litr.<\/p>\n\n\n\n<p><strong>Lze pou\u017e\u00edvat v zemi platebn\u00ed karty vydan\u00e9 v \u010cR?<\/strong><br>V z\u00e1sad\u011b lze pou\u017e\u00edvat karty ur\u010den\u00e9 k pou\u017eit\u00ed taky v zahrani\u010d\u00ed. P\u0159i placen\u00ed kartou neb\u00fdvaj\u00ed probl\u00e9my. Mohou se vyskytnout p\u0159i v\u00fdb\u011bru hotovosti. Placen\u00ed kartami je v zemi velmi roz\u0161\u00ed\u0159en\u00e9.<\/p>\n\n\n\n<p><strong>Lze po\u017eadovat vr\u00e1cen\u00ed dan\u011b na zakoupen\u00e9 zbo\u017e\u00ed p\u0159i odletu?<\/strong><br>Nelze. Da\u0148 se ne\u00fa\u010dtuje jedin\u011b, kdy\u017e export\u00e9r po\u0161le zbo\u017e\u00ed vy\u0161\u0161\u00ed hodnoty na va\u0161i dom\u00e1c\u00ed adresu.<\/p>\n\n\n\n<p><strong>Jak\u00e9 je spojen\u00ed internetem?<\/strong><br>V zemi je dostatek internetov\u00fdch kav\u00e1ren a pou\u017e\u00edv\u00e1n\u00ed internetu je velmi roz\u0161\u00ed\u0159en\u00e9. Na internet je napojeno 45% dom\u00e1cnost\u00ed a jejich po\u010det st\u00e1le stoup\u00e1.<\/p>\n\n\n\n<p><strong>Co si vz\u00edt s sebou?<\/strong><br>Doporu\u010duji dobrou v\u011btrovku, svetr, kr\u00e1tk\u00e9 kalhoty, d\u017e\u00edny, tri\u010dka, \u010depici se \u0161t\u00edtkem, ochrann\u00fd kr\u00e9m s faktorem alespo\u0148 8, fotoapar\u00e1t, spac\u00e1k ( pro p\u0159esp\u00e1v\u00e1n\u00ed v ubytovn\u00e1ch). V\u0161e lze dokoupit i na m\u00edst\u011b, oby\u010dejn\u00e9 oble\u010den\u00ed je p\u0159ibli\u017en\u011b stejn\u011b drah\u00e9 jako v \u010cR.<\/p>\n\n\n\n<p><strong>Funguj\u00ed v zemi \u010desk\u00e9 elektrospot\u0159ebi\u010de?<\/strong><br>I kdy\u017e m\u00edstn\u00ed nap\u011bt\u00ed je 240 V, spot\u0159ebi\u010de zde funguj\u00ed. Probl\u00e9mem je jen odli\u0161n\u00e1 z\u00e1suvka, je t\u0159eba nap\u0159. na leti\u0161ti zakoupit adapt\u00e9r. Holic\u00ed strojek obvykle v koupeln\u00e1ch lze zapojit i bez adapt\u00e9ru.<\/p>\n\n\n\n<p><strong>Co si v zemi koupit jako suven\u00fdr?<\/strong><br>Typick\u00fdmi suven\u00fdry jsou p\u0159\u00edv\u011b\u0161ky vy\u0159ezan\u00e9 z jadeitu nebo kosti, bi\u017eut\u00e9rie z mu\u0161le paua, maorsk\u00e9 vy\u0159ez\u00e1vky. D\u00e1le jsou to ov\u010d\u00ed ko\u017ee\u0161iny a v\u00fdrobky z vlny, kter\u00e9 jsou ji\u017e pom\u011brn\u011b drah\u00e9. Kdo chce jen levnou mali\u010dkost, tak doporu\u010duji v\u010del\u00ed med s r\u016fznou p\u0159\u00edchut\u00ed, r\u016fzn\u00e9 ple\u0165ov\u00e9 kr\u00e9my s lanol\u00ednem, podt\u00e1cky s NZ motivy nebo novoz\u00e9landsk\u00e9 v\u00edno.<\/p>\n\n\n\n<p><strong>Co d\u011blat p\u0159i \u00farazu nebo nemoci?<\/strong><br>P\u0159i \u00farazu se v\u00e1m dostane o\u0161et\u0159en\u00ed zdarma. Za l\u00e9\u010den\u00ed v jak\u00e9mkoli zdravotnick\u00e9m za\u0159\u00edzen\u00ed a l\u00e9ky je v\u0161ak t\u0159eba platit, a proto poji\u0161t\u011bn\u00ed l\u00e9\u010debn\u00fdch v\u00fdloh je nezbytn\u00e9. Pokud jste to nestihli p\u0159ed odletem, doporu\u010duji nap\u0159\u00edklad Uni-care International Travel Insurance nebo Heath Lambert. N\u00e1v\u0161t\u011bva u praktick\u00e9ho l\u00e9ka\u0159e stoj\u00ed minim\u00e1ln\u011b NZD 30,-. Dal\u0161\u00ed informace na www.healthnz.net.nz, www.uni-care.org<\/p>\n\n\n\n<p><strong>Kde je v\u00edce informac\u00ed o zemi na webu?<\/strong><br>www.purenz.com (Tourism NZ), www.nz.com, www.govt.nz, www.enzed.com, www.yahoo.co.nz, www.search.nz.co.nz, www.accessnz.co.nz, www.abcpacific.com\/nz, www.piperpat.co.nz, www.knowledge-basket.co.nz , www.nztb.govt.nz, www.new.zealand.co.uk, www.aucklandnz.com, www.yellowpages.co.nz, www.anznaturetours.com<\/p>\n\n\n\n<p><strong>Lze si v zemi p\u0159ivyd\u011bl\u00e1vat brig\u00e1dnickou prac\u00ed?<\/strong><br>P\u0159\u00edsn\u011b vzato podle imigra\u010dn\u00edch p\u0159edpis\u016f je k v\u00fdd\u011ble\u010dn\u00e9 \u010dinnosti t\u0159eba pracovn\u00ed povolen\u00ed. Jeho z\u00edsk\u00e1n\u00ed&nbsp; na m\u00edst\u011b je mo\u017en\u00e9 v ur\u010dit\u00e9 dob\u011b v ur\u010dit\u00fdch oblastech s nedostatkem pracovn\u00edch sil.<\/p>\n\n\n\n<p>K pr\u00e1ci je nutno m\u00edt i da\u0148ov\u00e9 \u010d\u00edslo IRD number. Jeho z\u00edsk\u00e1n\u00ed je mo\u017en\u00e9, nikoli v\u0161ak jist\u00e9. Nenahrazuje pracovn\u00ed povolen\u00ed, pouze umo\u017e\u0148uje \u0159\u00e1dn\u00e9 placen\u00ed dan\u011b z p\u0159\u00edjmu. Dal\u0161\u00ed informace na&nbsp;<a href=\"http:\/\/www.ird.govt.nz\/\">www.ird.govt.nz<\/a>.<\/p>\n\n\n\n<p>Nev\u00fdd\u011ble\u010dnou pr\u00e1ci na farm\u00e1ch ( za ubytov\u00e1n\u00ed a stravu) je mo\u017eno z\u00edskat s pomoc\u00ed organizac\u00ed Farm Helpers in New Zealand www.fhinz.co.nz nebo Willing Workers on Organic Farms E-mail: wwoof-nz@xtra.co.nz<\/p>\n\n\n\n<p><strong>Kdo je backpacker?<\/strong><br>Doslova je to ba\u0165\u016f\u017ek\u00e1\u0159, cestovatel s omezen\u00fdmi finan\u010dn\u00edmi prost\u0159edky p\u0159esp\u00e1vaj\u00edc\u00ed v s\u00edti levn\u00fdch hostel\u016f BACKPACKER Reservace je mo\u017en\u00e1 i on-line na www.backpackers.com.au Prod\u00e1vaj\u00ed karty slou\u017e\u00edc\u00ed ke slev\u00e1m v jejich s\u00edti a k telefonov\u00e1n\u00ed.<\/p>\n\n\n\n<p><strong>Co je to homestay?<\/strong><br>Homestay je placen\u00fd pobyt v hostitelsk\u00e9 rodin\u011b obvykle s polopenz\u00ed v pracovn\u00ed dny a plnou penz\u00ed o v\u00edkendech. Za\u0159izuje je nap\u0159\u00edklad \u0161kola pro sv\u00e9 zahrani\u010dn\u00ed studenty. Ceny se pohybuj\u00ed od NZD 170 do NZD 220,-za t\u00fdden. Student \u017eije jako \u010dlen rodiny, m\u00e1 vlastn\u00ed pokoj. Ka\u017ed\u00e1 \u0161kola m\u00e1 vlastn\u00ed smlouvy o ubytov\u00e1n\u00ed.<\/p>\n","protected":false},"excerpt":{"rendered":"<p>Je t\u0159eba v\u00edzum k turistick\u00e9 cest\u011b?Od 1.1.2003 byl op\u011bt zaveden bezv\u00edzov\u00fd turistick\u00fd styk pro ob\u010dany \u010cR&nbsp; a SR pro pobyty do 3 m\u011bs\u00edc\u016f. Maxim\u00e1ln\u00ed doba pobytu je podle p\u0159edpis\u016f 9 m\u011bs\u00edc\u016f. V\u00edzum je pot\u0159eba i nad\u00e1le pro del\u0161\u00ed turistick\u00e9 pobyty a studijn\u00ed pobyty del\u0161\u00ed ne\u017e t\u0159i m\u011bs\u00edce. Co je k \u017e\u00e1dosti o turistick\u00e9 v\u00edzum na &hellip; <\/p>\n<p class=\"link-more\"><a href=\"https:\/\/www.novyzeland.info\/index.php\/otazky-a-odpovedi\/\" class=\"more-link\">Pokra\u010dovat ve \u010dten\u00ed<span class=\"screen-reader-text\"> &#8220;Ot\u00e1zky a odpov\u011bdi&#8221;<\/span><\/a><\/p>\n","protected":false},"author":1,"featured_media":0,"parent":0,"menu_order":0,"comment_status":"closed","ping_status":"closed","template":"","meta":{"footnotes":""},"_links":{"self":[{"href":"https:\/\/www.novyzeland.info\/index.php\/wp-json\/wp\/v2\/pages\/90"}],"collection":[{"href":"https:\/\/www.novyzeland.info\/index.php\/wp-json\/wp\/v2\/pages"}],"about":[{"href":"https:\/\/www.novyzeland.info\/index.php\/wp-json\/wp\/v2\/types\/page"}],"author":[{"embeddable":true,"href":"https:\/\/www.novyzeland.info\/index.php\/wp-json\/wp\/v2\/users\/1"}],"replies":[{"embeddable":true,"href":"https:\/\/www.novyzeland.info\/index.php\/wp-json\/wp\/v2\/comments?post=90"}],"version-history":[{"count":3,"href":"https:\/\/www.novyzeland.info\/index.php\/wp-json\/wp\/v2\/pages\/90\/revisions"}],"predecessor-version":[{"id":94,"href":"https:\/\/www.novyzeland.info\/index.php\/wp-json\/wp\/v2\/pages\/90\/revisions\/94"}],"wp:attachment":[{"href":"https:\/\/www.novyzeland.info\/index.php\/wp-json\/wp\/v2\/media?parent=90"}],"curies":[{"name":"wp","href":"https:\/\/api.w.org\/{rel}","templated":true}]}}