{"id":96,"date":"2021-02-15T20:38:09","date_gmt":"2021-02-15T20:38:09","guid":{"rendered":"http:\/\/www.novyzeland.info\/?page_id=96"},"modified":"2021-03-13T18:39:45","modified_gmt":"2021-03-13T17:39:45","slug":"dopravni-predpisy-auto-obytny-vuz","status":"publish","type":"page","link":"https:\/\/www.novyzeland.info\/index.php\/dopravni-predpisy-auto-obytny-vuz\/","title":{"rendered":"Dopravn\u00ed p\u0159edpisy, auto, obytn\u00fd v\u016fz"},"content":{"rendered":"\n<div class=\"wp-block-image\"><figure class=\"alignleft\"><a href=\"https:\/\/novyzeland.info\/wedos\/wp-content\/uploads\/2011\/03\/Ulice-ve-Wellingtonu.jpg\"><img decoding=\"async\" src=\"https:\/\/novyzeland.info\/wedos\/wp-content\/uploads\/2011\/03\/Ulice-ve-Wellingtonu-300x195.jpg\" alt=\"\" class=\"wp-image-247\" title=\"Ulice ve Wellingtonu\"\/><\/a><\/figure><\/div>\n\n\n\n<div class=\"wp-block-image\"><figure class=\"alignright size-large is-resized\"><img loading=\"lazy\" decoding=\"async\" src=\"https:\/\/www.novyzeland.info\/wp-content\/uploads\/2021\/03\/00480.jpg\" alt=\"\" class=\"wp-image-535\" width=\"255\" height=\"160\" srcset=\"https:\/\/www.novyzeland.info\/wp-content\/uploads\/2021\/03\/00480.jpg 800w, https:\/\/www.novyzeland.info\/wp-content\/uploads\/2021\/03\/00480-300x189.jpg 300w, https:\/\/www.novyzeland.info\/wp-content\/uploads\/2021\/03\/00480-768x484.jpg 768w\" sizes=\"(max-width: 255px) 100vw, 255px\" \/><\/figure><\/div>\n\n\n\n<p>Jeden z nejlep\u0161\u00edch zp\u016fsob\u016f jak poznat zemi, je procestovat ji autem, a\u0165 u\u017e vyp\u016fj\u010den\u00fdm nebo koupen\u00fdm. Nejl\u00e9pe si tak vychutn\u00e1te n\u00e1dhernou krajinu.<\/p>\n\n\n\n<p>Silni\u010dn\u00ed s\u00ed\u0165 je pom\u011brn\u011b kvalitn\u00ed, ale ve srovn\u00e1n\u00ed s Evropou jsou zde rozd\u00edly. D\u00e1lnic je m\u00e1lo, jsou jen v okol\u00ed nejv\u011bt\u0161\u00edch m\u011bst. Ter\u00e9n je \u010dasto \u010dlenit\u00fd a nelze jet rychle. P\u0159ekon\u00e1n\u00ed ur\u010dit\u00e9 vzd\u00e1lenosti v\u00e1m zde bude trvat d\u00e9le ne\u017e jste zvykl\u00ed. P\u0159ed cestou je dobr\u00e9 si prostudovat kalkul\u00e1tor vzd\u00e1lenost\u00ed a \u010das\u016f.<\/p>\n\n\n\n<p>Silnice jsou pom\u011brn\u011b \u00fazk\u00e9 s hodn\u011b zat\u00e1\u010dkami a kope\u010dky. Je nutno m\u00edt trp\u011blivost s p\u0159edj\u00ed\u017ed\u011bn\u00edm. Pro p\u0159edj\u00ed\u017ed\u011bn\u00ed jsou zde mimo jin\u00e9 i vyzna\u010den\u00e9 j\u00edzdn\u00ed pruhy, na kter\u00e9 zna\u010dky p\u0159edem upozor\u0148uj\u00ed.<\/p>\n\n\n\n<p>Krom\u011b mal\u00fdch odli\u0161nost\u00ed v dopravn\u00edch zna\u010dk\u00e1ch je hlavn\u00edm rozd\u00edlem to, \u017ee se<strong>&nbsp;jezd\u00ed vlevo<\/strong>. To je t\u0159eba m\u00edt neust\u00e1le na pam\u011bti a je dobr\u00e9 si pro za\u010d\u00e1tek d\u00e1t p\u0159ed o\u010di samolepku, kter\u00e1 to p\u0159ipom\u00edn\u00e1. Nej\u010dast\u011bji se na to zapomene, kdy\u017e odbo\u010d\u00edte na silnici, kde nevid\u00edte \u017e\u00e1dn\u00e1 protijedouc\u00ed vozidla. Kdy\u017e odbo\u010dujete, d\u00e1v\u00e1te p\u0159ednost v\u0161em vozidl\u016fm, kter\u00e1 jedou p\u0159\u00edmo. V ostatn\u00edch situac\u00edch d\u00e1v\u00e1te p\u0159ednost vozidl\u016fm p\u0159ij\u00ed\u017ed\u011bj\u00edc\u00edm zprava. Zna\u010dka GIVE WAY znamen\u00e1, \u017ee zpomal\u00edte a jste p\u0159ipraveni zastavit, je-li to t\u0159eba. D\u00e1v\u00e1te p\u0159ednost v\u0161em p\u0159ij\u00ed\u017ed\u011bj\u00edc\u00edm vozidl\u016fm.<\/p>\n\n\n\n<p>Maxim\u00e1ln\u00ed povolen\u00e1 rychlost je 100 km\/h, v obci 50 km\/h.&nbsp; Radary rychlost kontroluj\u00ed, ne v\u0161ak na v\u0161ech m\u00edstech, kde je zna\u010dka o kontrole rychlosti. \u0158idi\u010d i spolujezdci mus\u00ed m\u00edt p\u0159i ka\u017ed\u00e9 j\u00edzd\u011b zapnuty bezpe\u010dnostn\u00ed p\u00e1sy.<\/p>\n\n\n\n<p>OBYTN\u00dd V\u016eZ<\/p>\n\n\n\n<p>Obytn\u00fd v\u016fz (campervan, motor home) je perfektn\u00ed volba pro individu\u00e1ln\u00ed dovolenou s&nbsp;nejv\u011bt\u0161\u00ed mo\u017enou flexibilitou. Noc m\u016f\u017eete str\u00e1vit&nbsp; ve m\u011bst\u011b, v&nbsp;p\u0159\u00edrod\u011b nebo v&nbsp;kempingu. V&nbsp;zemi je mnoho m\u00edst pro kempov\u00e1n\u00ed v&nbsp;r\u016fzn\u00fdch cenov\u00fdch kategori\u00edch podle vybaven\u00ed. K&nbsp;nejl\u00e9pe vybaven\u00fdm a obvykle nejdra\u017e\u0161\u00edm pat\u0159\u00ed m\u00edsta zvan\u00e1 Holiday Park (<a href=\"http:\/\/www.top10.co.nz\/\">www.top10.co.nz<\/a>), Kiwi Holiday Park (<a href=\"http:\/\/www.kiwiholidayparks.com\/\">www.kiwiholidayparks.com\/<\/a>) a Family Parks (<a href=\"http:\/\/www.familyparks.co.nz\/\">www.familyparks.co.nz<\/a>). Zpravidla levn\u011bj\u0161\u00ed jsou t\u00e1bo\u0159i\u0161t\u011b, kter\u00e9 jsou soukrom\u00fdmi podniky. \u010casto jsou d\u00e1l od hlavn\u00edch turistick\u00fdch tras.<\/p>\n\n\n\n<p>St\u00e1tn\u00ed instituce DOC (Department of Conservation), kter\u00e1 spravuje n\u00e1rodn\u00ed parky, provozuje v&nbsp;nich tak\u00e9 kempingy&nbsp; r\u016fzn\u00fdch kategori\u00ed. V\u00edce informac\u00ed na&nbsp;<a href=\"http:\/\/www.doc.govt.nz\/\">www.doc.govt.nz<\/a>. Bro\u017e\u016fry s&nbsp;podrobn\u00fdm popisem v\u0161ech kemping\u016f a ubytovac\u00edch za\u0159\u00edzen\u00ed v&nbsp;zemi jsou k&nbsp;dispozici zdarma v&nbsp;informa\u010dn\u00edch centrech. Nejzn\u00e1m\u011bj\u0161\u00ed jsou od firmy Jasons&nbsp;<a href=\"http:\/\/www.jasons.com\/\">www.jasons.com\/<\/a>&nbsp;. Kempov\u00e1n\u00ed na divoko m\u00e1 v&nbsp;zemi tradici. Z\u00e1kon o voln\u00e9m t\u00e1bo\u0159en\u00ed z&nbsp;r. 2011 v\u0161ak p\u0159inesl ur\u010dit\u00e1 omezen\u00ed. M\u00edstn\u00ed \u00fa\u0159ady mohou vyhl\u00e1\u0161kami ur\u010dit ve sv\u00e9 oblasti m\u00edsta, kde kempov\u00e1n\u00ed je povoleno nebo zak\u00e1z\u00e1no. D\u016fle\u017eit\u00e9 p\u0159itom je, \u017ee v&nbsp;m\u00edst\u011b, kde nejsou toalety, mohou kempovat jen obytn\u00e9 vozy, kter\u00e9 jsou jimi vybaveny (selfcontained campervan) a maj\u00ed n\u00e1dr\u017e na odpadn\u00ed vodu (greywater tank).<\/p>\n\n\n\n<p>V&nbsp;zemi je p\u0159ekvapiv\u011b velk\u00e9 mno\u017estv\u00ed firem, kter\u00e9 nab\u00edzej\u00ed pron\u00e1jem obytn\u00fdch voz\u016f \u2013&nbsp;<a href=\"http:\/\/www.campervan.co.nz\/\">www.campervan.co.nz<\/a>,&nbsp;<a href=\"http:\/\/www.maui-rentals.com\/\">www.maui-rentals.com<\/a>,&nbsp;<a href=\"http:\/\/www.nzmotorhomes.co.nz\/\">www.nzmotorhomes.co.nz<\/a>&nbsp;\u2026. P\u0159ehled je na&nbsp;<a href=\"http:\/\/www.newzealand.com\/de\/plan\/motorhomes\/\">www.newzealand.com\/de\/plan\/motorhomes\/<\/a>&nbsp;nebo na&nbsp;<a href=\"http:\/\/www.breakaway.co.nz\/\">www.breakaway.co.nz<\/a>. D\u016fle\u017eit\u00e9 je sledovat, zda firma m\u00e1 pe\u010de\u0165 kvality Qual-mark. Hodnocen\u00ed p\u016fj\u010doven aut je na&nbsp;<a href=\"http:\/\/www.rankers.co.nz\/tags\/motorhomes-campevan-rv\">www.rankers.co.nz\/tags\/motorhomes-campevan-rv<\/a>. T\u00e9m\u011b\u0159 v\u0161echny p\u016fj\u010dovny nab\u00edzej\u00ed stejn\u00e9 typy voz\u016f. Ceny jsou velmi siln\u011b z\u00e1visl\u00e9 na sez\u00f3n\u011b. Vysok\u00e1 sez\u00f3na je od listopadu do b\u0159ezna.<\/p>\n\n\n\n<p>Z\u00e1kladn\u00ed sazba n\u00e1jemn\u00e9ho za den obvykle zahrnuje neomezen\u00e9 mno\u017estv\u00ed kilometr\u016f, v\u0161echny dan\u011b, p\u0159istaven\u00ed vozidla, cestovn\u00ed mapu, seznam holiday park\u016f, poplatek za jednosm\u011brnou cestu (one way fee) nap\u0159. zap\u016fj\u010den\u00ed v&nbsp;Aucklandu a vr\u00e1cen\u00ed v&nbsp;Christchurch. Do standardn\u00edho vybaven\u00ed&nbsp; pat\u0159\u00ed lednice, d\u0159ez a va\u0159i\u010d na propanbutan s&nbsp;lahv\u00ed. Obvykle je v&nbsp;z\u00e1kladn\u00ed sazb\u011b i standardn\u00ed poji\u0161t\u011bn\u00ed se spolu\u00fa\u010dast\u00ed NZD 5&nbsp;000,-. Za p\u0159\u00edplatek jsou nap\u0159. j\u00edzdn\u00ed kola a nosi\u010de kol, d\u011btsk\u00e9 seda\u010dky, GPS navigace, mobiln\u00ed telefon\u2026 Nejv\u011bt\u0161\u00ed rozsah poji\u0161t\u011bn\u00ed bez spolu\u00fa\u010dasti a kauce a \u017e\u00e1dn\u00e9 odpov\u011bdnosti p\u0159i nehod\u011b nab\u00edz\u00ed zhruba o 18% vy\u0161\u0161\u00ed sazba All&nbsp; inclusive.&nbsp; Zvl\u00e1\u0161\u0165 je t\u0159eba pamatovat na cestovn\u00ed poji\u0161t\u011bn\u00ed osob a zavazadel nejl\u00e9pe z&nbsp;domovsk\u00e9 zem\u011b. Ceny paliva lze zjistit na&nbsp;<a href=\"http:\/\/www.pricewatch.co.nz\/\">www.pricewatch.co.nz<\/a>.<\/p>\n\n\n\n<p>Podm\u00ednkou pron\u00e1jmu je v\u011bk min. 21 let a mezin\u00e1rodn\u00ed \u0159idi\u010dsk\u00fd pr\u016fkaz. U n\u00e1rodn\u00edho \u0159idi\u010dsk\u00e9ho pr\u016fkazu m\u016f\u017ee p\u016fj\u010dovna vy\u017eadovat soudn\u011b ov\u011b\u0159en\u00fd p\u0159eklad. P\u0159i zap\u016fj\u010den\u00ed vozidla se obvykle plat\u00ed vratn\u00e1 kauce nebo je nutno poskytnout \u00fadaje z&nbsp;platebn\u00ed karty n\u00e1jemce.<\/p>\n\n\n\n<p>Mal\u00e9 opravy po cest\u011b \u2013 asi do NZD 100,-&nbsp; \u2013 n\u00e1jemce propl\u00e1c\u00ed bez p\u0159edchoz\u00ed autorizace p\u0159i vr\u00e1cen\u00ed vozidla. K&nbsp;v\u011bt\u0161\u00edm oprav\u00e1m mus\u00ed d\u00e1t p\u0159edem souhlas.<\/p>\n\n\n\n<p>P\u0159i cestov\u00e1n\u00ed po obou ostrovech je radno zv\u00e1\u017eit, zda auto p\u0159ev\u00e1\u017eet na trajektu mezi ostrovy, proto\u017ee sazby jsou vysok\u00e9. Cena je podle d\u00e9lky vozu. S n\u00e1jemcem je mo\u017eno dohodnout vr\u00e1cen\u00ed vozu nap\u0159. ve Wellingtonu a n\u00e1jem jin\u00e9ho v&nbsp;Pictonu. Informace o trajektu na&nbsp;<a href=\"http:\/\/www.interislander.co.nz\/\">www.interislander.co.nz<\/a>. V&nbsp;sez\u00f3n\u011b jsou trajekty dost vyt\u00ed\u017een\u00e9 a nutno pamatovat na rezervaci j\u00edzdenky pro auto s&nbsp;p\u0159edstihem. Cesta trajektem osob bez auta je jednoduch\u00e1.<\/p>\n\n\n\n<p>Nejv\u00edce p\u016fj\u010doven m\u00e1 p\u0159ed\u00e1vac\u00ed m\u00edsto u leti\u0161t\u011b v&nbsp;Aucklandu a Christchurchi. Doporu\u010duje se v\u0161ak &nbsp;po p\u0159\u00edletu si nejd\u0159\u00edve jeden den odpo\u010dinout a auto si p\u0159evz\u00edt a\u017e druh\u00fd den. P\u0159istaven\u00ed auta do hotelu je obvykle v&nbsp;cen\u011b. Na p\u0159ej\u00edmku vozu je t\u0159eba si rezervovat minim\u00e1ln\u011b jednu hodinu.<\/p>\n\n\n\n<p>V&nbsp;zemi je jen velmi m\u00e1lo nebezpe\u010dn\u00fdch cest, kam se s&nbsp;b\u011b\u017en\u00fdm autem z&nbsp;p\u016fj\u010dovny nesm\u00ed. Jsou to Ninety Mile Beach v&nbsp;Northlandu (na severu), cesta na sever z&nbsp;m\u011bste\u010dka Calville na poloostrovu Coromandel, cesta ve Skippers ka\u0148onu u Queenstownu a Ball Hutt Road u Mt.Cooku.<\/p>\n\n\n\n<p>Dal\u0161\u00ed u\u017eite\u010dn\u00e9 webov\u00e9 str\u00e1nky:&nbsp;<a href=\"http:\/\/www.newzealand.com\/travel\">www.newzealand.com\/travel<\/a>,&nbsp;<a href=\"http:\/\/www.nativeparks.co.nz\/\">www.nativeparks.co.nz<\/a><\/p>\n\n\n\n<figure class=\"wp-block-image\"><img decoding=\"async\" src=\"https:\/\/novyzeland.info\/wedos\/wp-content\/uploads\/2011\/03\/00160stehovani-300x225.jpg\" alt=\"\"\/><\/figure>\n","protected":false},"excerpt":{"rendered":"<p>Jeden z nejlep\u0161\u00edch zp\u016fsob\u016f jak poznat zemi, je procestovat ji autem, a\u0165 u\u017e vyp\u016fj\u010den\u00fdm nebo koupen\u00fdm. Nejl\u00e9pe si tak vychutn\u00e1te n\u00e1dhernou krajinu. Silni\u010dn\u00ed s\u00ed\u0165 je pom\u011brn\u011b kvalitn\u00ed, ale ve srovn\u00e1n\u00ed s Evropou jsou zde rozd\u00edly. D\u00e1lnic je m\u00e1lo, jsou jen v okol\u00ed nejv\u011bt\u0161\u00edch m\u011bst. Ter\u00e9n je \u010dasto \u010dlenit\u00fd a nelze jet rychle. P\u0159ekon\u00e1n\u00ed ur\u010dit\u00e9 vzd\u00e1lenosti &hellip; <\/p>\n<p class=\"link-more\"><a href=\"https:\/\/www.novyzeland.info\/index.php\/dopravni-predpisy-auto-obytny-vuz\/\" class=\"more-link\">Pokra\u010dovat ve \u010dten\u00ed<span class=\"screen-reader-text\"> &#8220;Dopravn\u00ed p\u0159edpisy, auto, obytn\u00fd v\u016fz&#8221;<\/span><\/a><\/p>\n","protected":false},"author":1,"featured_media":0,"parent":0,"menu_order":0,"comment_status":"closed","ping_status":"closed","template":"","meta":{"footnotes":""},"_links":{"self":[{"href":"https:\/\/www.novyzeland.info\/index.php\/wp-json\/wp\/v2\/pages\/96"}],"collection":[{"href":"https:\/\/www.novyzeland.info\/index.php\/wp-json\/wp\/v2\/pages"}],"about":[{"href":"https:\/\/www.novyzeland.info\/index.php\/wp-json\/wp\/v2\/types\/page"}],"author":[{"embeddable":true,"href":"https:\/\/www.novyzeland.info\/index.php\/wp-json\/wp\/v2\/users\/1"}],"replies":[{"embeddable":true,"href":"https:\/\/www.novyzeland.info\/index.php\/wp-json\/wp\/v2\/comments?post=96"}],"version-history":[{"count":4,"href":"https:\/\/www.novyzeland.info\/index.php\/wp-json\/wp\/v2\/pages\/96\/revisions"}],"predecessor-version":[{"id":536,"href":"https:\/\/www.novyzeland.info\/index.php\/wp-json\/wp\/v2\/pages\/96\/revisions\/536"}],"wp:attachment":[{"href":"https:\/\/www.novyzeland.info\/index.php\/wp-json\/wp\/v2\/media?parent=96"}],"curies":[{"name":"wp","href":"https:\/\/api.w.org\/{rel}","templated":true}]}}